{"id":12,"date":"2020-01-16T12:10:57","date_gmt":"2020-01-16T12:10:57","guid":{"rendered":"https:\/\/www.cetes.com.br\/?page_id=12"},"modified":"2023-07-24T13:35:33","modified_gmt":"2023-07-24T13:35:33","slug":"pagina-inicial","status":"publish","type":"page","link":"https:\/\/www.cetes.com.br\/","title":{"rendered":"P\u00e1gina Inicial"},"content":{"rendered":"\t\t<div data-elementor-type=\"wp-page\" data-elementor-id=\"12\" class=\"elementor elementor-12\" data-elementor-settings=\"[]\">\n\t\t\t\t\t\t<div class=\"elementor-inner\">\n\t\t\t\t\t\t\t<div class=\"elementor-section-wrap\">\n\t\t\t\t\t\t\t<section class=\"elementor-section elementor-top-section elementor-element elementor-element-76e6e93 elementor-section-stretched elementor-section-boxed elementor-section-height-default elementor-section-height-default\" data-id=\"76e6e93\" data-element_type=\"section\" data-settings=\"{&quot;stretch_section&quot;:&quot;section-stretched&quot;}\">\n\t\t\t\t\t\t<div class=\"elementor-container elementor-column-gap-default\">\n\t\t\t\t\t\t\t<div class=\"elementor-row\">\n\t\t\t\t\t<div class=\"elementor-column elementor-col-100 elementor-top-column elementor-element elementor-element-2d5b827\" data-id=\"2d5b827\" data-element_type=\"column\">\n\t\t\t<div class=\"elementor-column-wrap\">\n\t\t\t\t\t\t\t<div class=\"elementor-widget-wrap\">\n\t\t\t\t\t\t\t\t<\/div>\n\t\t\t\t\t<\/div>\n\t\t<\/div>\n\t\t\t\t\t\t\t\t<\/div>\n\t\t\t\t\t<\/div>\n\t\t<\/section>\n\t\t\t\t\t\t<\/div>\n\t\t\t\t\t\t<\/div>\n\t\t\t\t\t<\/div>\n\t\t","protected":false},"excerpt":{"rendered":"<p>O Col\u00e9gio Cet\u00e9s \u00e9 uma Escola Particular de Ensino Infantil, Ensino Fundamental e Ensino M\u00e9dio.<br \/>\nCol\u00e9gio Cet\u00e9s \u00e9 a melhor escola particular de Suzano.<\/p>\n","protected":false},"author":1,"featured_media":6917,"parent":0,"menu_order":0,"comment_status":"closed","ping_status":"closed","template":"template-frontpage.php","meta":[],"yoast_head":"<!-- This site is optimized with the Yoast SEO plugin v18.8 - https:\/\/yoast.com\/wordpress\/plugins\/seo\/ -->\n<title>Col\u00e9gio Cet\u00e9s - a melhor escola particular de Suzano e regi\u00e3o!<\/title>\n<meta name=\"description\" content=\"A melhor Escola Particular em Suzano \u2013 Educa\u00e7\u00e3o Infantil, Ensino Fundamental e Ensino M\u00e9dio. Venha conhecer e se encantar com nosso col\u00e9gio!\" \/>\n<meta name=\"robots\" content=\"index, follow, max-snippet:-1, max-image-preview:large, max-video-preview:-1\" \/>\n<link rel=\"canonical\" href=\"https:\/\/www.cetes.com.br\/\" \/>\n<meta property=\"og:locale\" content=\"pt_BR\" \/>\n<meta property=\"og:type\" content=\"article\" \/>\n<meta property=\"og:title\" content=\"Col\u00e9gio Cet\u00e9s\" \/>\n<meta property=\"og:description\" content=\"Melhor escola particular de Suzano - Educa\u00e7\u00e3o Infantil, Fundamental e Ensino M\u00e9dio\" \/>\n<meta property=\"og:url\" content=\"https:\/\/www.cetes.com.br\/\" \/>\n<meta property=\"og:site_name\" content=\"Col\u00e9gio Cet\u00e9s - Melhor Escola particular - Educa\u00e7\u00e3o Infantil, Fundamental e Ensino M\u00e9dio\" \/>\n<meta property=\"article:publisher\" content=\"https:\/\/www.facebook.com\/ColegioCetes\/\" \/>\n<meta property=\"article:modified_time\" content=\"2023-07-24T13:35:33+00:00\" \/>\n<meta property=\"og:image\" content=\"https:\/\/www.cetes.com.br\/wp-content\/uploads\/2022\/07\/IMG_4030-1024x651.png\" \/>\n\t<meta property=\"og:image:width\" content=\"1024\" \/>\n\t<meta property=\"og:image:height\" content=\"651\" \/>\n\t<meta property=\"og:image:type\" content=\"image\/png\" \/>\n<meta name=\"twitter:card\" content=\"summary_large_image\" \/>\n<meta name=\"twitter:label1\" content=\"Est. tempo de leitura\" \/>\n\t<meta name=\"twitter:data1\" content=\"1 minuto\" \/>\n<script type=\"application\/ld+json\" class=\"yoast-schema-graph\">{\"@context\":\"https:\/\/schema.org\",\"@graph\":[{\"@type\":\"Organization\",\"@id\":\"https:\/\/www.cetes.com.br\/#organization\",\"name\":\"Col\u00e9gio Cet\u00e9s\",\"url\":\"https:\/\/www.cetes.com.br\/\",\"sameAs\":[\"https:\/\/www.facebook.com\/ColegioCetes\/\",\"https:\/\/www.instagram.com\/colegiocetes\/\",\"https:\/\/www.youtube.com\/ColegioCetes\"],\"logo\":{\"@type\":\"ImageObject\",\"inLanguage\":\"pt-BR\",\"@id\":\"https:\/\/www.cetes.com.br\/#\/schema\/logo\/image\/\",\"url\":\"https:\/\/www.cetes.com.br\/wp-content\/uploads\/2020\/01\/Logo-500px.png\",\"contentUrl\":\"https:\/\/www.cetes.com.br\/wp-content\/uploads\/2020\/01\/Logo-500px.png\",\"width\":500,\"height\":205,\"caption\":\"Col\u00e9gio Cet\u00e9s\"},\"image\":{\"@id\":\"https:\/\/www.cetes.com.br\/#\/schema\/logo\/image\/\"}},{\"@type\":\"WebSite\",\"@id\":\"https:\/\/www.cetes.com.br\/#website\",\"url\":\"https:\/\/www.cetes.com.br\/\",\"name\":\"Col\u00e9gio Cet\u00e9s - Melhor Escola particular - Educa\u00e7\u00e3o Infantil, Fundamental e Ensino M\u00e9dio\",\"description\":\"Melhor escola particular de Suzano - Educa\u00e7\u00e3o Infantil, Fundamental e Ensino M\u00e9dio\",\"publisher\":{\"@id\":\"https:\/\/www.cetes.com.br\/#organization\"},\"potentialAction\":[{\"@type\":\"SearchAction\",\"target\":{\"@type\":\"EntryPoint\",\"urlTemplate\":\"https:\/\/www.cetes.com.br\/?s={search_term_string}\"},\"query-input\":\"required name=search_term_string\"}],\"inLanguage\":\"pt-BR\"},{\"@type\":\"ImageObject\",\"inLanguage\":\"pt-BR\",\"@id\":\"https:\/\/www.cetes.com.br\/#primaryimage\",\"url\":\"https:\/\/www.cetes.com.br\/wp-content\/uploads\/2022\/07\/IMG_4030.png\",\"contentUrl\":\"https:\/\/www.cetes.com.br\/wp-content\/uploads\/2022\/07\/IMG_4030.png\",\"width\":4032,\"height\":2563,\"caption\":\"Educa\u00e7\u00e3o Infantil\"},{\"@type\":\"WebPage\",\"@id\":\"https:\/\/www.cetes.com.br\/#webpage\",\"url\":\"https:\/\/www.cetes.com.br\/\",\"name\":\"Col\u00e9gio Cet\u00e9s - a melhor escola particular de Suzano e regi\u00e3o!\",\"isPartOf\":{\"@id\":\"https:\/\/www.cetes.com.br\/#website\"},\"primaryImageOfPage\":{\"@id\":\"https:\/\/www.cetes.com.br\/#primaryimage\"},\"datePublished\":\"2020-01-16T12:10:57+00:00\",\"dateModified\":\"2023-07-24T13:35:33+00:00\",\"description\":\"A melhor Escola Particular em Suzano \u2013 Educa\u00e7\u00e3o Infantil, Ensino Fundamental e Ensino M\u00e9dio. Venha conhecer e se encantar com nosso col\u00e9gio!\",\"breadcrumb\":{\"@id\":\"https:\/\/www.cetes.com.br\/#breadcrumb\"},\"inLanguage\":\"pt-BR\",\"potentialAction\":[{\"@type\":\"ReadAction\",\"target\":[\"https:\/\/www.cetes.com.br\/\"]}]},{\"@type\":\"BreadcrumbList\",\"@id\":\"https:\/\/www.cetes.com.br\/#breadcrumb\",\"itemListElement\":[{\"@type\":\"ListItem\",\"position\":1,\"name\":\"In\u00edcio\",\"item\":\"https:\/\/www.cetes.com.br\/\"},{\"@type\":\"ListItem\",\"position\":2,\"name\":\"P\u00e1gina Inicial\"}]}]}<\/script>\n<!-- \/ Yoast SEO plugin. -->","yoast_head_json":{"title":"Col\u00e9gio Cet\u00e9s - a melhor escola particular de Suzano e regi\u00e3o!","description":"A melhor Escola Particular em Suzano \u2013 Educa\u00e7\u00e3o Infantil, Ensino Fundamental e Ensino M\u00e9dio. Venha conhecer e se encantar com nosso col\u00e9gio!","robots":{"index":"index","follow":"follow","max-snippet":"max-snippet:-1","max-image-preview":"max-image-preview:large","max-video-preview":"max-video-preview:-1"},"canonical":"https:\/\/www.cetes.com.br\/","og_locale":"pt_BR","og_type":"article","og_title":"Col\u00e9gio Cet\u00e9s","og_description":"Melhor escola particular de Suzano - Educa\u00e7\u00e3o Infantil, Fundamental e Ensino M\u00e9dio","og_url":"https:\/\/www.cetes.com.br\/","og_site_name":"Col\u00e9gio Cet\u00e9s - Melhor Escola particular - Educa\u00e7\u00e3o Infantil, Fundamental e Ensino M\u00e9dio","article_publisher":"https:\/\/www.facebook.com\/ColegioCetes\/","article_modified_time":"2023-07-24T13:35:33+00:00","og_image":[{"width":1024,"height":651,"url":"https:\/\/www.cetes.com.br\/wp-content\/uploads\/2022\/07\/IMG_4030-1024x651.png","type":"image\/png"}],"twitter_card":"summary_large_image","twitter_misc":{"Est. tempo de leitura":"1 minuto"},"schema":{"@context":"https:\/\/schema.org","@graph":[{"@type":"Organization","@id":"https:\/\/www.cetes.com.br\/#organization","name":"Col\u00e9gio Cet\u00e9s","url":"https:\/\/www.cetes.com.br\/","sameAs":["https:\/\/www.facebook.com\/ColegioCetes\/","https:\/\/www.instagram.com\/colegiocetes\/","https:\/\/www.youtube.com\/ColegioCetes"],"logo":{"@type":"ImageObject","inLanguage":"pt-BR","@id":"https:\/\/www.cetes.com.br\/#\/schema\/logo\/image\/","url":"https:\/\/www.cetes.com.br\/wp-content\/uploads\/2020\/01\/Logo-500px.png","contentUrl":"https:\/\/www.cetes.com.br\/wp-content\/uploads\/2020\/01\/Logo-500px.png","width":500,"height":205,"caption":"Col\u00e9gio Cet\u00e9s"},"image":{"@id":"https:\/\/www.cetes.com.br\/#\/schema\/logo\/image\/"}},{"@type":"WebSite","@id":"https:\/\/www.cetes.com.br\/#website","url":"https:\/\/www.cetes.com.br\/","name":"Col\u00e9gio Cet\u00e9s - Melhor Escola particular - Educa\u00e7\u00e3o Infantil, Fundamental e Ensino M\u00e9dio","description":"Melhor escola particular de Suzano - Educa\u00e7\u00e3o Infantil, Fundamental e Ensino M\u00e9dio","publisher":{"@id":"https:\/\/www.cetes.com.br\/#organization"},"potentialAction":[{"@type":"SearchAction","target":{"@type":"EntryPoint","urlTemplate":"https:\/\/www.cetes.com.br\/?s={search_term_string}"},"query-input":"required name=search_term_string"}],"inLanguage":"pt-BR"},{"@type":"ImageObject","inLanguage":"pt-BR","@id":"https:\/\/www.cetes.com.br\/#primaryimage","url":"https:\/\/www.cetes.com.br\/wp-content\/uploads\/2022\/07\/IMG_4030.png","contentUrl":"https:\/\/www.cetes.com.br\/wp-content\/uploads\/2022\/07\/IMG_4030.png","width":4032,"height":2563,"caption":"Educa\u00e7\u00e3o Infantil"},{"@type":"WebPage","@id":"https:\/\/www.cetes.com.br\/#webpage","url":"https:\/\/www.cetes.com.br\/","name":"Col\u00e9gio Cet\u00e9s - a melhor escola particular de Suzano e regi\u00e3o!","isPartOf":{"@id":"https:\/\/www.cetes.com.br\/#website"},"primaryImageOfPage":{"@id":"https:\/\/www.cetes.com.br\/#primaryimage"},"datePublished":"2020-01-16T12:10:57+00:00","dateModified":"2023-07-24T13:35:33+00:00","description":"A melhor Escola Particular em Suzano \u2013 Educa\u00e7\u00e3o Infantil, Ensino Fundamental e Ensino M\u00e9dio. Venha conhecer e se encantar com nosso col\u00e9gio!","breadcrumb":{"@id":"https:\/\/www.cetes.com.br\/#breadcrumb"},"inLanguage":"pt-BR","potentialAction":[{"@type":"ReadAction","target":["https:\/\/www.cetes.com.br\/"]}]},{"@type":"BreadcrumbList","@id":"https:\/\/www.cetes.com.br\/#breadcrumb","itemListElement":[{"@type":"ListItem","position":1,"name":"In\u00edcio","item":"https:\/\/www.cetes.com.br\/"},{"@type":"ListItem","position":2,"name":"P\u00e1gina Inicial"}]}]}},"_links":{"self":[{"href":"https:\/\/www.cetes.com.br\/index.php?rest_route=\/wp\/v2\/pages\/12"}],"collection":[{"href":"https:\/\/www.cetes.com.br\/index.php?rest_route=\/wp\/v2\/pages"}],"about":[{"href":"https:\/\/www.cetes.com.br\/index.php?rest_route=\/wp\/v2\/types\/page"}],"author":[{"embeddable":true,"href":"https:\/\/www.cetes.com.br\/index.php?rest_route=\/wp\/v2\/users\/1"}],"replies":[{"embeddable":true,"href":"https:\/\/www.cetes.com.br\/index.php?rest_route=%2Fwp%2Fv2%2Fcomments&post=12"}],"version-history":[{"count":16,"href":"https:\/\/www.cetes.com.br\/index.php?rest_route=\/wp\/v2\/pages\/12\/revisions"}],"predecessor-version":[{"id":6635,"href":"https:\/\/www.cetes.com.br\/index.php?rest_route=\/wp\/v2\/pages\/12\/revisions\/6635"}],"wp:featuredmedia":[{"embeddable":true,"href":"https:\/\/www.cetes.com.br\/index.php?rest_route=\/wp\/v2\/media\/6917"}],"wp:attachment":[{"href":"https:\/\/www.cetes.com.br\/index.php?rest_route=%2Fwp%2Fv2%2Fmedia&parent=12"}],"curies":[{"name":"wp","href":"https:\/\/api.w.org\/{rel}","templated":true}]}}