{"id":3888,"date":"2020-10-30T15:35:15","date_gmt":"2020-10-30T15:35:15","guid":{"rendered":"https:\/\/www.cetes.com.br\/?page_id=3888"},"modified":"2022-05-02T21:21:49","modified_gmt":"2022-05-02T21:21:49","slug":"ensino-medio","status":"publish","type":"page","link":"https:\/\/www.cetes.com.br\/?page_id=3888","title":{"rendered":"Col\u00e9gio Cet\u00e9s &#8211; Ensino M\u00e9dio"},"content":{"rendered":"\t\t<div data-elementor-type=\"wp-page\" data-elementor-id=\"3888\" class=\"elementor elementor-3888\" data-elementor-settings=\"[]\">\n\t\t\t\t\t\t<div class=\"elementor-inner\">\n\t\t\t\t\t\t\t<div class=\"elementor-section-wrap\">\n\t\t\t\t\t\t\t<section class=\"elementor-section elementor-top-section elementor-element elementor-element-ec875de elementor-section-boxed elementor-section-height-default elementor-section-height-default\" data-id=\"ec875de\" data-element_type=\"section\">\n\t\t\t\t\t\t<div class=\"elementor-container elementor-column-gap-default\">\n\t\t\t\t\t\t\t<div class=\"elementor-row\">\n\t\t\t\t\t<div class=\"elementor-column elementor-col-100 elementor-top-column elementor-element elementor-element-b429d0a\" data-id=\"b429d0a\" data-element_type=\"column\">\n\t\t\t<div class=\"elementor-column-wrap elementor-element-populated\">\n\t\t\t\t\t\t\t<div class=\"elementor-widget-wrap\">\n\t\t\t\t\t\t<div class=\"elementor-element elementor-element-df3df41 elementor-widget elementor-widget-text-editor\" data-id=\"df3df41\" data-element_type=\"widget\" data-widget_type=\"text-editor.default\">\n\t\t\t\t<div class=\"elementor-widget-container\">\n\t\t\t\t\t\t\t\t<div class=\"elementor-text-editor elementor-clearfix\">\n\t\t\t\t<p>O Ensino M\u00e9dio \u00e9 o momento de revisitar os conceitos aprendidos durante a forma\u00e7\u00e3o do aluno, tendo como meta o fortalecimento de sua identidade e autoestima, visando a tomada de decis\u00f5es complexas de forma respons\u00e1vel e consciente, al\u00e9m de prepar\u00e1-lo para os novos desafios das vida acad\u00eamica, aplicando, desde o primeiro momento, simulados dos vestibulares mais conceituados do pa\u00eds e do Exame Nacional M\u00e9dio.<\/p>\t\t\t\t\t<\/div>\n\t\t\t\t\t\t<\/div>\n\t\t\t\t<\/div>\n\t\t\t\t\t\t<\/div>\n\t\t\t\t\t<\/div>\n\t\t<\/div>\n\t\t\t\t\t\t\t\t<\/div>\n\t\t\t\t\t<\/div>\n\t\t<\/section>\n\t\t\t\t<section class=\"elementor-section elementor-top-section elementor-element elementor-element-b7dc7ac elementor-section-boxed elementor-section-height-default elementor-section-height-default\" data-id=\"b7dc7ac\" data-element_type=\"section\">\n\t\t\t\t\t\t<div class=\"elementor-container elementor-column-gap-default\">\n\t\t\t\t\t\t\t<div class=\"elementor-row\">\n\t\t\t\t\t<div class=\"elementor-column elementor-col-100 elementor-top-column elementor-element elementor-element-fc12370\" data-id=\"fc12370\" data-element_type=\"column\">\n\t\t\t<div class=\"elementor-column-wrap\">\n\t\t\t\t\t\t\t<div class=\"elementor-widget-wrap\">\n\t\t\t\t\t\t\t\t<\/div>\n\t\t\t\t\t<\/div>\n\t\t<\/div>\n\t\t\t\t\t\t\t\t<\/div>\n\t\t\t\t\t<\/div>\n\t\t<\/section>\n\t\t\t\t<section class=\"elementor-section elementor-top-section elementor-element elementor-element-60ce5bb elementor-section-boxed elementor-section-height-default elementor-section-height-default\" data-id=\"60ce5bb\" data-element_type=\"section\">\n\t\t\t\t\t\t<div class=\"elementor-container elementor-column-gap-default\">\n\t\t\t\t\t\t\t<div class=\"elementor-row\">\n\t\t\t\t\t<div class=\"elementor-column elementor-col-100 elementor-top-column elementor-element elementor-element-cb40ec5\" data-id=\"cb40ec5\" data-element_type=\"column\">\n\t\t\t<div class=\"elementor-column-wrap elementor-element-populated\">\n\t\t\t\t\t\t\t<div class=\"elementor-widget-wrap\">\n\t\t\t\t\t\t<div class=\"elementor-element elementor-element-7429e0c gallery-spacing-custom elementor-widget elementor-widget-image-gallery\" data-id=\"7429e0c\" data-element_type=\"widget\" data-widget_type=\"image-gallery.default\">\n\t\t\t\t<div class=\"elementor-widget-container\">\n\t\t\t\t\t<div class=\"elementor-image-gallery\">\n\t\t\t<div id='gallery-1' class='gallery galleryid-3888 gallery-columns-6 gallery-size-onepress-small'><figure class='gallery-item'>\n\t\t\t<div class='gallery-icon landscape'>\n\t\t\t\t<a data-elementor-open-lightbox=\"yes\" data-elementor-lightbox-slideshow=\"7429e0c\" data-elementor-lightbox-title=\"WhatsApp-Image-2020-02-20-at-08.27.26\" href='https:\/\/www.cetes.com.br\/wp-content\/uploads\/2020\/10\/WhatsApp-Image-2020-02-20-at-08.27.26.jpeg'><img width=\"480\" height=\"300\" src=\"https:\/\/www.cetes.com.br\/wp-content\/uploads\/2020\/10\/WhatsApp-Image-2020-02-20-at-08.27.26-480x300.jpeg\" class=\"attachment-onepress-small size-onepress-small\" alt=\"\" loading=\"lazy\" srcset=\"https:\/\/www.cetes.com.br\/wp-content\/uploads\/2020\/10\/WhatsApp-Image-2020-02-20-at-08.27.26-480x300.jpeg 480w, https:\/\/www.cetes.com.br\/wp-content\/uploads\/2020\/10\/WhatsApp-Image-2020-02-20-at-08.27.26-640x400.jpeg 640w\" sizes=\"(max-width: 480px) 100vw, 480px\" \/><\/a>\n\t\t\t<\/div><\/figure><figure class='gallery-item'>\n\t\t\t<div class='gallery-icon landscape'>\n\t\t\t\t<a data-elementor-open-lightbox=\"yes\" data-elementor-lightbox-slideshow=\"7429e0c\" data-elementor-lightbox-title=\"1 (4)\" href='https:\/\/www.cetes.com.br\/wp-content\/uploads\/2020\/02\/1-4.jpg'><img width=\"480\" height=\"300\" src=\"https:\/\/www.cetes.com.br\/wp-content\/uploads\/2020\/02\/1-4-480x300.jpg\" class=\"attachment-onepress-small size-onepress-small\" alt=\"\" loading=\"lazy\" srcset=\"https:\/\/www.cetes.com.br\/wp-content\/uploads\/2020\/02\/1-4-480x300.jpg 480w, https:\/\/www.cetes.com.br\/wp-content\/uploads\/2020\/02\/1-4-640x400.jpg 640w\" sizes=\"(max-width: 480px) 100vw, 480px\" \/><\/a>\n\t\t\t<\/div><\/figure><figure class='gallery-item'>\n\t\t\t<div class='gallery-icon landscape'>\n\t\t\t\t<a data-elementor-open-lightbox=\"yes\" data-elementor-lightbox-slideshow=\"7429e0c\" data-elementor-lightbox-title=\"OBA\" href='https:\/\/www.cetes.com.br\/wp-content\/uploads\/2020\/02\/OBA-scaled.jpg'><img width=\"480\" height=\"300\" src=\"https:\/\/www.cetes.com.br\/wp-content\/uploads\/2020\/02\/OBA-480x300.jpg\" class=\"attachment-onepress-small size-onepress-small\" alt=\"\" loading=\"lazy\" srcset=\"https:\/\/www.cetes.com.br\/wp-content\/uploads\/2020\/02\/OBA-480x300.jpg 480w, https:\/\/www.cetes.com.br\/wp-content\/uploads\/2020\/02\/OBA-640x400.jpg 640w\" sizes=\"(max-width: 480px) 100vw, 480px\" \/><\/a>\n\t\t\t<\/div><\/figure><figure class='gallery-item'>\n\t\t\t<div class='gallery-icon landscape'>\n\t\t\t\t<a data-elementor-open-lightbox=\"yes\" data-elementor-lightbox-slideshow=\"7429e0c\" data-elementor-lightbox-title=\"Formandos\" href='https:\/\/www.cetes.com.br\/wp-content\/uploads\/2020\/02\/Formandos.jpg'><img width=\"480\" height=\"300\" src=\"https:\/\/www.cetes.com.br\/wp-content\/uploads\/2020\/02\/Formandos-480x300.jpg\" class=\"attachment-onepress-small size-onepress-small\" alt=\"\" loading=\"lazy\" srcset=\"https:\/\/www.cetes.com.br\/wp-content\/uploads\/2020\/02\/Formandos-480x300.jpg 480w, https:\/\/www.cetes.com.br\/wp-content\/uploads\/2020\/02\/Formandos-640x400.jpg 640w\" sizes=\"(max-width: 480px) 100vw, 480px\" \/><\/a>\n\t\t\t<\/div><\/figure>\n\t\t<\/div>\n\t\t<\/div>\n\t\t\t\t<\/div>\n\t\t\t\t<\/div>\n\t\t\t\t\t\t<\/div>\n\t\t\t\t\t<\/div>\n\t\t<\/div>\n\t\t\t\t\t\t\t\t<\/div>\n\t\t\t\t\t<\/div>\n\t\t<\/section>\n\t\t\t\t\t\t<\/div>\n\t\t\t\t\t\t<\/div>\n\t\t\t\t\t<\/div>\n\t\t","protected":false},"excerpt":{"rendered":"<p>Col\u00e9gio Cet\u00e9s<\/p>\n<p>Escola Particular<\/p>\n<p>Suzano e regi\u00e3o<\/p>\n<p>Melhor Escola<\/p>\n<p>Educa\u00e7\u00e3o Infantil<\/p>\n<p>Ensino Fundamental<\/p>\n<p>Ensino M\u00e9dio<\/p>\n","protected":false},"author":1,"featured_media":0,"parent":0,"menu_order":0,"comment_status":"closed","ping_status":"closed","template":"","meta":[],"yoast_head":"<!-- This site is optimized with the Yoast SEO plugin v18.8 - https:\/\/yoast.com\/wordpress\/plugins\/seo\/ -->\n<title>Col\u00e9gio Cet\u00e9s - Ensino M\u00e9dio - Col\u00e9gio Cet\u00e9s - Melhor Escola particular - Educa\u00e7\u00e3o Infantil, Fundamental e Ensino M\u00e9dio<\/title>\n<meta name=\"robots\" content=\"index, follow, max-snippet:-1, max-image-preview:large, max-video-preview:-1\" \/>\n<link rel=\"canonical\" href=\"https:\/\/www.cetes.com.br\/?page_id=3888\" \/>\n<meta property=\"og:locale\" content=\"pt_BR\" \/>\n<meta property=\"og:type\" content=\"article\" \/>\n<meta property=\"og:title\" content=\"Col\u00e9gio Cet\u00e9s - Ensino M\u00e9dio - Col\u00e9gio Cet\u00e9s - Melhor Escola particular - Educa\u00e7\u00e3o Infantil, Fundamental e Ensino M\u00e9dio\" \/>\n<meta property=\"og:description\" content=\"Col\u00e9gio Cet\u00e9s Escola Particular Suzano e regi\u00e3o Melhor Escola Educa\u00e7\u00e3o Infantil Ensino Fundamental Ensino M\u00e9dio\" \/>\n<meta property=\"og:url\" content=\"https:\/\/www.cetes.com.br\/?page_id=3888\" \/>\n<meta property=\"og:site_name\" content=\"Col\u00e9gio Cet\u00e9s - Melhor Escola particular - Educa\u00e7\u00e3o Infantil, Fundamental e Ensino M\u00e9dio\" \/>\n<meta property=\"article:publisher\" content=\"https:\/\/www.facebook.com\/ColegioCetes\/\" \/>\n<meta property=\"article:modified_time\" content=\"2022-05-02T21:21:49+00:00\" \/>\n<meta property=\"og:image\" content=\"https:\/\/www.cetes.com.br\/wp-content\/uploads\/2020\/10\/WhatsApp-Image-2020-02-20-at-08.27.26-480x300.jpeg\" \/>\n<meta name=\"twitter:card\" content=\"summary_large_image\" \/>\n<script type=\"application\/ld+json\" class=\"yoast-schema-graph\">{\"@context\":\"https:\/\/schema.org\",\"@graph\":[{\"@type\":\"Organization\",\"@id\":\"https:\/\/www.cetes.com.br\/#organization\",\"name\":\"Col\u00e9gio Cet\u00e9s\",\"url\":\"https:\/\/www.cetes.com.br\/\",\"sameAs\":[\"https:\/\/www.facebook.com\/ColegioCetes\/\",\"https:\/\/www.instagram.com\/colegiocetes\/\",\"https:\/\/www.youtube.com\/ColegioCetes\"],\"logo\":{\"@type\":\"ImageObject\",\"inLanguage\":\"pt-BR\",\"@id\":\"https:\/\/www.cetes.com.br\/#\/schema\/logo\/image\/\",\"url\":\"https:\/\/www.cetes.com.br\/wp-content\/uploads\/2020\/01\/Logo-500px.png\",\"contentUrl\":\"https:\/\/www.cetes.com.br\/wp-content\/uploads\/2020\/01\/Logo-500px.png\",\"width\":500,\"height\":205,\"caption\":\"Col\u00e9gio Cet\u00e9s\"},\"image\":{\"@id\":\"https:\/\/www.cetes.com.br\/#\/schema\/logo\/image\/\"}},{\"@type\":\"WebSite\",\"@id\":\"https:\/\/www.cetes.com.br\/#website\",\"url\":\"https:\/\/www.cetes.com.br\/\",\"name\":\"Col\u00e9gio Cet\u00e9s - Melhor Escola particular - Educa\u00e7\u00e3o Infantil, Fundamental e Ensino M\u00e9dio\",\"description\":\"Melhor escola particular de Suzano - Educa\u00e7\u00e3o Infantil, Fundamental e Ensino M\u00e9dio\",\"publisher\":{\"@id\":\"https:\/\/www.cetes.com.br\/#organization\"},\"potentialAction\":[{\"@type\":\"SearchAction\",\"target\":{\"@type\":\"EntryPoint\",\"urlTemplate\":\"https:\/\/www.cetes.com.br\/?s={search_term_string}\"},\"query-input\":\"required name=search_term_string\"}],\"inLanguage\":\"pt-BR\"},{\"@type\":\"ImageObject\",\"inLanguage\":\"pt-BR\",\"@id\":\"https:\/\/www.cetes.com.br\/?page_id=3888#primaryimage\",\"url\":\"https:\/\/www.cetes.com.br\/wp-content\/uploads\/2020\/10\/WhatsApp-Image-2020-02-20-at-08.27.26.jpeg\",\"contentUrl\":\"https:\/\/www.cetes.com.br\/wp-content\/uploads\/2020\/10\/WhatsApp-Image-2020-02-20-at-08.27.26.jpeg\",\"width\":771,\"height\":538},{\"@type\":\"WebPage\",\"@id\":\"https:\/\/www.cetes.com.br\/?page_id=3888#webpage\",\"url\":\"https:\/\/www.cetes.com.br\/?page_id=3888\",\"name\":\"Col\u00e9gio Cet\u00e9s - Ensino M\u00e9dio - Col\u00e9gio Cet\u00e9s - Melhor Escola particular - Educa\u00e7\u00e3o Infantil, Fundamental e Ensino M\u00e9dio\",\"isPartOf\":{\"@id\":\"https:\/\/www.cetes.com.br\/#website\"},\"primaryImageOfPage\":{\"@id\":\"https:\/\/www.cetes.com.br\/?page_id=3888#primaryimage\"},\"datePublished\":\"2020-10-30T15:35:15+00:00\",\"dateModified\":\"2022-05-02T21:21:49+00:00\",\"breadcrumb\":{\"@id\":\"https:\/\/www.cetes.com.br\/?page_id=3888#breadcrumb\"},\"inLanguage\":\"pt-BR\",\"potentialAction\":[{\"@type\":\"ReadAction\",\"target\":[\"https:\/\/www.cetes.com.br\/?page_id=3888\"]}]},{\"@type\":\"BreadcrumbList\",\"@id\":\"https:\/\/www.cetes.com.br\/?page_id=3888#breadcrumb\",\"itemListElement\":[{\"@type\":\"ListItem\",\"position\":1,\"name\":\"In\u00edcio\",\"item\":\"https:\/\/www.cetes.com.br\/\"},{\"@type\":\"ListItem\",\"position\":2,\"name\":\"Col\u00e9gio Cet\u00e9s &#8211; Ensino M\u00e9dio\"}]}]}<\/script>\n<!-- \/ Yoast SEO plugin. -->","yoast_head_json":{"title":"Col\u00e9gio Cet\u00e9s - Ensino M\u00e9dio - Col\u00e9gio Cet\u00e9s - Melhor Escola particular - Educa\u00e7\u00e3o Infantil, Fundamental e Ensino M\u00e9dio","robots":{"index":"index","follow":"follow","max-snippet":"max-snippet:-1","max-image-preview":"max-image-preview:large","max-video-preview":"max-video-preview:-1"},"canonical":"https:\/\/www.cetes.com.br\/?page_id=3888","og_locale":"pt_BR","og_type":"article","og_title":"Col\u00e9gio Cet\u00e9s - Ensino M\u00e9dio - Col\u00e9gio Cet\u00e9s - Melhor Escola particular - Educa\u00e7\u00e3o Infantil, Fundamental e Ensino M\u00e9dio","og_description":"Col\u00e9gio Cet\u00e9s Escola Particular Suzano e regi\u00e3o Melhor Escola Educa\u00e7\u00e3o Infantil Ensino Fundamental Ensino M\u00e9dio","og_url":"https:\/\/www.cetes.com.br\/?page_id=3888","og_site_name":"Col\u00e9gio Cet\u00e9s - Melhor Escola particular - Educa\u00e7\u00e3o Infantil, Fundamental e Ensino M\u00e9dio","article_publisher":"https:\/\/www.facebook.com\/ColegioCetes\/","article_modified_time":"2022-05-02T21:21:49+00:00","og_image":[{"url":"https:\/\/www.cetes.com.br\/wp-content\/uploads\/2020\/10\/WhatsApp-Image-2020-02-20-at-08.27.26-480x300.jpeg"}],"twitter_card":"summary_large_image","schema":{"@context":"https:\/\/schema.org","@graph":[{"@type":"Organization","@id":"https:\/\/www.cetes.com.br\/#organization","name":"Col\u00e9gio Cet\u00e9s","url":"https:\/\/www.cetes.com.br\/","sameAs":["https:\/\/www.facebook.com\/ColegioCetes\/","https:\/\/www.instagram.com\/colegiocetes\/","https:\/\/www.youtube.com\/ColegioCetes"],"logo":{"@type":"ImageObject","inLanguage":"pt-BR","@id":"https:\/\/www.cetes.com.br\/#\/schema\/logo\/image\/","url":"https:\/\/www.cetes.com.br\/wp-content\/uploads\/2020\/01\/Logo-500px.png","contentUrl":"https:\/\/www.cetes.com.br\/wp-content\/uploads\/2020\/01\/Logo-500px.png","width":500,"height":205,"caption":"Col\u00e9gio Cet\u00e9s"},"image":{"@id":"https:\/\/www.cetes.com.br\/#\/schema\/logo\/image\/"}},{"@type":"WebSite","@id":"https:\/\/www.cetes.com.br\/#website","url":"https:\/\/www.cetes.com.br\/","name":"Col\u00e9gio Cet\u00e9s - Melhor Escola particular - Educa\u00e7\u00e3o Infantil, Fundamental e Ensino M\u00e9dio","description":"Melhor escola particular de Suzano - Educa\u00e7\u00e3o Infantil, Fundamental e Ensino M\u00e9dio","publisher":{"@id":"https:\/\/www.cetes.com.br\/#organization"},"potentialAction":[{"@type":"SearchAction","target":{"@type":"EntryPoint","urlTemplate":"https:\/\/www.cetes.com.br\/?s={search_term_string}"},"query-input":"required name=search_term_string"}],"inLanguage":"pt-BR"},{"@type":"ImageObject","inLanguage":"pt-BR","@id":"https:\/\/www.cetes.com.br\/?page_id=3888#primaryimage","url":"https:\/\/www.cetes.com.br\/wp-content\/uploads\/2020\/10\/WhatsApp-Image-2020-02-20-at-08.27.26.jpeg","contentUrl":"https:\/\/www.cetes.com.br\/wp-content\/uploads\/2020\/10\/WhatsApp-Image-2020-02-20-at-08.27.26.jpeg","width":771,"height":538},{"@type":"WebPage","@id":"https:\/\/www.cetes.com.br\/?page_id=3888#webpage","url":"https:\/\/www.cetes.com.br\/?page_id=3888","name":"Col\u00e9gio Cet\u00e9s - Ensino M\u00e9dio - Col\u00e9gio Cet\u00e9s - Melhor Escola particular - Educa\u00e7\u00e3o Infantil, Fundamental e Ensino M\u00e9dio","isPartOf":{"@id":"https:\/\/www.cetes.com.br\/#website"},"primaryImageOfPage":{"@id":"https:\/\/www.cetes.com.br\/?page_id=3888#primaryimage"},"datePublished":"2020-10-30T15:35:15+00:00","dateModified":"2022-05-02T21:21:49+00:00","breadcrumb":{"@id":"https:\/\/www.cetes.com.br\/?page_id=3888#breadcrumb"},"inLanguage":"pt-BR","potentialAction":[{"@type":"ReadAction","target":["https:\/\/www.cetes.com.br\/?page_id=3888"]}]},{"@type":"BreadcrumbList","@id":"https:\/\/www.cetes.com.br\/?page_id=3888#breadcrumb","itemListElement":[{"@type":"ListItem","position":1,"name":"In\u00edcio","item":"https:\/\/www.cetes.com.br\/"},{"@type":"ListItem","position":2,"name":"Col\u00e9gio Cet\u00e9s &#8211; Ensino M\u00e9dio"}]}]}},"_links":{"self":[{"href":"https:\/\/www.cetes.com.br\/index.php?rest_route=\/wp\/v2\/pages\/3888"}],"collection":[{"href":"https:\/\/www.cetes.com.br\/index.php?rest_route=\/wp\/v2\/pages"}],"about":[{"href":"https:\/\/www.cetes.com.br\/index.php?rest_route=\/wp\/v2\/types\/page"}],"author":[{"embeddable":true,"href":"https:\/\/www.cetes.com.br\/index.php?rest_route=\/wp\/v2\/users\/1"}],"replies":[{"embeddable":true,"href":"https:\/\/www.cetes.com.br\/index.php?rest_route=%2Fwp%2Fv2%2Fcomments&post=3888"}],"version-history":[{"count":9,"href":"https:\/\/www.cetes.com.br\/index.php?rest_route=\/wp\/v2\/pages\/3888\/revisions"}],"predecessor-version":[{"id":6711,"href":"https:\/\/www.cetes.com.br\/index.php?rest_route=\/wp\/v2\/pages\/3888\/revisions\/6711"}],"wp:attachment":[{"href":"https:\/\/www.cetes.com.br\/index.php?rest_route=%2Fwp%2Fv2%2Fmedia&parent=3888"}],"curies":[{"name":"wp","href":"https:\/\/api.w.org\/{rel}","templated":true}]}}