{"id":402,"date":"2020-01-28T15:50:33","date_gmt":"2020-01-28T15:50:33","guid":{"rendered":"https:\/\/www.cetes.com.br\/?page_id=402"},"modified":"2024-05-29T13:31:04","modified_gmt":"2024-05-29T13:31:04","slug":"material-didatico","status":"publish","type":"page","link":"https:\/\/www.cetes.com.br\/?page_id=402","title":{"rendered":"Apoio Did\u00e1tico"},"content":{"rendered":"\t\t<div data-elementor-type=\"wp-page\" data-elementor-id=\"402\" class=\"elementor elementor-402\" data-elementor-settings=\"[]\">\n\t\t\t\t\t\t<div class=\"elementor-inner\">\n\t\t\t\t\t\t\t<div class=\"elementor-section-wrap\">\n\t\t\t\t\t\t\t<section class=\"elementor-section elementor-top-section elementor-element elementor-element-5172e25 elementor-section-boxed elementor-section-height-default elementor-section-height-default\" data-id=\"5172e25\" data-element_type=\"section\">\n\t\t\t\t\t\t<div class=\"elementor-container elementor-column-gap-default\">\n\t\t\t\t\t\t\t<div class=\"elementor-row\">\n\t\t\t\t\t<div class=\"elementor-column elementor-col-50 elementor-top-column elementor-element elementor-element-a0e8506\" data-id=\"a0e8506\" data-element_type=\"column\">\n\t\t\t<div class=\"elementor-column-wrap elementor-element-populated\">\n\t\t\t\t\t\t\t<div class=\"elementor-widget-wrap\">\n\t\t\t\t\t\t<div class=\"elementor-element elementor-element-62a6129 elementor-widget elementor-widget-image\" data-id=\"62a6129\" data-element_type=\"widget\" data-widget_type=\"image.default\">\n\t\t\t\t<div class=\"elementor-widget-container\">\n\t\t\t\t\t\t\t\t<div class=\"elementor-image\">\n\t\t\t\t\t\t\t\t\t\t\t\t\t<a href=\"https:\/\/sistemadeensinoph.com.br\/\">\n\t\t\t\t\t\t\t<img width=\"274\" height=\"155\" src=\"https:\/\/www.cetes.com.br\/wp-content\/uploads\/2024\/02\/sistema-de-ensino.png\" class=\"attachment-medium size-medium\" alt=\"Logo Sistema de Ensino pH\" loading=\"lazy\" \/>\t\t\t\t\t\t\t\t<\/a>\n\t\t\t\t\t\t\t\t\t\t\t\t\t\t<\/div>\n\t\t\t\t\t\t<\/div>\n\t\t\t\t<\/div>\n\t\t\t\t\t\t<\/div>\n\t\t\t\t\t<\/div>\n\t\t<\/div>\n\t\t\t\t<div class=\"elementor-column elementor-col-50 elementor-top-column elementor-element elementor-element-c8b3525\" data-id=\"c8b3525\" data-element_type=\"column\">\n\t\t\t<div class=\"elementor-column-wrap elementor-element-populated\">\n\t\t\t\t\t\t\t<div class=\"elementor-widget-wrap\">\n\t\t\t\t\t\t<div class=\"elementor-element elementor-element-b706f44 elementor-widget elementor-widget-image\" data-id=\"b706f44\" data-element_type=\"widget\" data-widget_type=\"image.default\">\n\t\t\t\t<div class=\"elementor-widget-container\">\n\t\t\t\t\t\t\t\t<div class=\"elementor-image\">\n\t\t\t\t\t\t\t\t\t\t\t\t\t<a href=\"https:\/\/www.plurall.net\/\">\n\t\t\t\t\t\t\t<img width=\"300\" height=\"162\" src=\"https:\/\/www.cetes.com.br\/wp-content\/uploads\/2024\/02\/Logo-plurall-header-300x162.png\" class=\"attachment-medium size-medium\" alt=\"Plataforma Plurall\" loading=\"lazy\" srcset=\"https:\/\/www.cetes.com.br\/wp-content\/uploads\/2024\/02\/Logo-plurall-header-300x162.png 300w, https:\/\/www.cetes.com.br\/wp-content\/uploads\/2024\/02\/Logo-plurall-header.png 338w\" sizes=\"(max-width: 300px) 100vw, 300px\" \/>\t\t\t\t\t\t\t\t<\/a>\n\t\t\t\t\t\t\t\t\t\t\t\t\t\t<\/div>\n\t\t\t\t\t\t<\/div>\n\t\t\t\t<\/div>\n\t\t\t\t\t\t<\/div>\n\t\t\t\t\t<\/div>\n\t\t<\/div>\n\t\t\t\t\t\t\t\t<\/div>\n\t\t\t\t\t<\/div>\n\t\t<\/section>\n\t\t\t\t<section class=\"elementor-section elementor-top-section elementor-element elementor-element-d313359 elementor-section-boxed elementor-section-height-default elementor-section-height-default\" data-id=\"d313359\" data-element_type=\"section\">\n\t\t\t\t\t\t<div class=\"elementor-container elementor-column-gap-default\">\n\t\t\t\t\t\t\t<div class=\"elementor-row\">\n\t\t\t\t\t<div class=\"elementor-column elementor-col-100 elementor-top-column elementor-element elementor-element-6577226\" data-id=\"6577226\" data-element_type=\"column\">\n\t\t\t<div class=\"elementor-column-wrap elementor-element-populated\">\n\t\t\t\t\t\t\t<div class=\"elementor-widget-wrap\">\n\t\t\t\t\t\t<div class=\"elementor-element elementor-element-56e5451 elementor-widget elementor-widget-text-editor\" data-id=\"56e5451\" data-element_type=\"widget\" data-widget_type=\"text-editor.default\">\n\t\t\t\t<div class=\"elementor-widget-container\">\n\t\t\t\t\t\t\t\t<div class=\"elementor-text-editor elementor-clearfix\">\n\t\t\t\t<p style=\"text-align: center;\">O col\u00e9gio adota o sistema de ensino pH, que proporciona solu\u00e7\u00f5es integradas e inovadoras. \u00c9 composto por um conjunto de materiais did\u00e1ticos que conduzem a uma educa\u00e7\u00e3o transformadora, com produtos e servi\u00e7os extremamente eficientes. A qualidade editorial e as solu\u00e7\u00f5es educacionais, beneficiam alunos, pais, educadores e gestores. Assim, o aluno \u00e9 conectado com uma educa\u00e7\u00e3o forte.<\/p><p style=\"text-align: center;\">Nessa parceria tamb\u00e9m temos acesso a plataforma Plurall, que disponibiliza livros digitais, tarefas, banco de d\u00favidas e relat\u00f3rio de acompanhamento para coordenadores, professores, alunos e respons\u00e1veis. Permite acesso a lista de exerc\u00edcios para que os alunos possam praticar o que aprenderam em aula, v\u00eddeos para aprenderam em aula, v\u00eddeos para ajudar a solucionar as tarefas e tutores que respondem detalhadamente as d\u00favidas que surgem em rela\u00e7\u00e3o \u00e0s quest\u00f5es e ao conte\u00fado do material did\u00e1tico, que tamb\u00e9m est\u00e1 dispon\u00edvel.<\/p>\t\t\t\t\t<\/div>\n\t\t\t\t\t\t<\/div>\n\t\t\t\t<\/div>\n\t\t\t\t\t\t<\/div>\n\t\t\t\t\t<\/div>\n\t\t<\/div>\n\t\t\t\t\t\t\t\t<\/div>\n\t\t\t\t\t<\/div>\n\t\t<\/section>\n\t\t\t\t\t\t<\/div>\n\t\t\t\t\t\t<\/div>\n\t\t\t\t\t<\/div>\n\t\t","protected":false},"excerpt":{"rendered":"<p>Col\u00e9gio Cet\u00e9s<\/p>\n<p>Escola Particular<\/p>\n<p>Suzano e regi\u00e3o<\/p>\n<p>Melhor Escola<\/p>\n<p>Educa\u00e7\u00e3o Infantil<\/p>\n<p>Ensino Fundamental<\/p>\n<p>Ensino M\u00e9dio<\/p>\n","protected":false},"author":1,"featured_media":0,"parent":0,"menu_order":0,"comment_status":"closed","ping_status":"closed","template":"","meta":[],"yoast_head":"<!-- This site is optimized with the Yoast SEO plugin v18.8 - https:\/\/yoast.com\/wordpress\/plugins\/seo\/ -->\n<title>Apoio Did\u00e1tico - Col\u00e9gio Cet\u00e9s - Melhor Escola particular - Educa\u00e7\u00e3o Infantil, Fundamental e Ensino M\u00e9dio<\/title>\n<meta name=\"robots\" content=\"index, follow, max-snippet:-1, max-image-preview:large, max-video-preview:-1\" \/>\n<link rel=\"canonical\" href=\"https:\/\/www.cetes.com.br\/?page_id=402\" \/>\n<meta property=\"og:locale\" content=\"pt_BR\" \/>\n<meta property=\"og:type\" content=\"article\" \/>\n<meta property=\"og:title\" content=\"Apoio Did\u00e1tico - Col\u00e9gio Cet\u00e9s - Melhor Escola particular - Educa\u00e7\u00e3o Infantil, Fundamental e Ensino M\u00e9dio\" \/>\n<meta property=\"og:description\" content=\"Col\u00e9gio Cet\u00e9s Escola Particular Suzano e regi\u00e3o Melhor Escola Educa\u00e7\u00e3o Infantil Ensino Fundamental Ensino M\u00e9dio\" \/>\n<meta property=\"og:url\" content=\"https:\/\/www.cetes.com.br\/?page_id=402\" \/>\n<meta property=\"og:site_name\" content=\"Col\u00e9gio Cet\u00e9s - Melhor Escola particular - Educa\u00e7\u00e3o Infantil, Fundamental e Ensino M\u00e9dio\" \/>\n<meta property=\"article:publisher\" content=\"https:\/\/www.facebook.com\/ColegioCetes\/\" \/>\n<meta property=\"article:modified_time\" content=\"2024-05-29T13:31:04+00:00\" \/>\n<meta property=\"og:image\" content=\"https:\/\/www.cetes.com.br\/wp-content\/uploads\/2024\/02\/sistema-de-ensino.png\" \/>\n<meta name=\"twitter:card\" content=\"summary_large_image\" \/>\n<meta name=\"twitter:label1\" content=\"Est. tempo de leitura\" \/>\n\t<meta name=\"twitter:data1\" content=\"2 minutos\" \/>\n<script type=\"application\/ld+json\" class=\"yoast-schema-graph\">{\"@context\":\"https:\/\/schema.org\",\"@graph\":[{\"@type\":\"Organization\",\"@id\":\"https:\/\/www.cetes.com.br\/#organization\",\"name\":\"Col\u00e9gio Cet\u00e9s\",\"url\":\"https:\/\/www.cetes.com.br\/\",\"sameAs\":[\"https:\/\/www.facebook.com\/ColegioCetes\/\",\"https:\/\/www.instagram.com\/colegiocetes\/\",\"https:\/\/www.youtube.com\/ColegioCetes\"],\"logo\":{\"@type\":\"ImageObject\",\"inLanguage\":\"pt-BR\",\"@id\":\"https:\/\/www.cetes.com.br\/#\/schema\/logo\/image\/\",\"url\":\"https:\/\/www.cetes.com.br\/wp-content\/uploads\/2020\/01\/Logo-500px.png\",\"contentUrl\":\"https:\/\/www.cetes.com.br\/wp-content\/uploads\/2020\/01\/Logo-500px.png\",\"width\":500,\"height\":205,\"caption\":\"Col\u00e9gio Cet\u00e9s\"},\"image\":{\"@id\":\"https:\/\/www.cetes.com.br\/#\/schema\/logo\/image\/\"}},{\"@type\":\"WebSite\",\"@id\":\"https:\/\/www.cetes.com.br\/#website\",\"url\":\"https:\/\/www.cetes.com.br\/\",\"name\":\"Col\u00e9gio Cet\u00e9s - Melhor Escola particular - Educa\u00e7\u00e3o Infantil, Fundamental e Ensino M\u00e9dio\",\"description\":\"Melhor escola particular de Suzano - Educa\u00e7\u00e3o Infantil, Fundamental e Ensino M\u00e9dio\",\"publisher\":{\"@id\":\"https:\/\/www.cetes.com.br\/#organization\"},\"potentialAction\":[{\"@type\":\"SearchAction\",\"target\":{\"@type\":\"EntryPoint\",\"urlTemplate\":\"https:\/\/www.cetes.com.br\/?s={search_term_string}\"},\"query-input\":\"required name=search_term_string\"}],\"inLanguage\":\"pt-BR\"},{\"@type\":\"ImageObject\",\"inLanguage\":\"pt-BR\",\"@id\":\"https:\/\/www.cetes.com.br\/?page_id=402#primaryimage\",\"url\":\"https:\/\/www.cetes.com.br\/wp-content\/uploads\/2024\/02\/sistema-de-ensino.png\",\"contentUrl\":\"https:\/\/www.cetes.com.br\/wp-content\/uploads\/2024\/02\/sistema-de-ensino.png\",\"width\":274,\"height\":155,\"caption\":\"Logo Sistema de Ensino pH\"},{\"@type\":\"WebPage\",\"@id\":\"https:\/\/www.cetes.com.br\/?page_id=402#webpage\",\"url\":\"https:\/\/www.cetes.com.br\/?page_id=402\",\"name\":\"Apoio Did\u00e1tico - Col\u00e9gio Cet\u00e9s - Melhor Escola particular - Educa\u00e7\u00e3o Infantil, Fundamental e Ensino M\u00e9dio\",\"isPartOf\":{\"@id\":\"https:\/\/www.cetes.com.br\/#website\"},\"primaryImageOfPage\":{\"@id\":\"https:\/\/www.cetes.com.br\/?page_id=402#primaryimage\"},\"datePublished\":\"2020-01-28T15:50:33+00:00\",\"dateModified\":\"2024-05-29T13:31:04+00:00\",\"breadcrumb\":{\"@id\":\"https:\/\/www.cetes.com.br\/?page_id=402#breadcrumb\"},\"inLanguage\":\"pt-BR\",\"potentialAction\":[{\"@type\":\"ReadAction\",\"target\":[\"https:\/\/www.cetes.com.br\/?page_id=402\"]}]},{\"@type\":\"BreadcrumbList\",\"@id\":\"https:\/\/www.cetes.com.br\/?page_id=402#breadcrumb\",\"itemListElement\":[{\"@type\":\"ListItem\",\"position\":1,\"name\":\"In\u00edcio\",\"item\":\"https:\/\/www.cetes.com.br\/\"},{\"@type\":\"ListItem\",\"position\":2,\"name\":\"Apoio Did\u00e1tico\"}]}]}<\/script>\n<!-- \/ Yoast SEO plugin. -->","yoast_head_json":{"title":"Apoio Did\u00e1tico - Col\u00e9gio Cet\u00e9s - Melhor Escola particular - Educa\u00e7\u00e3o Infantil, Fundamental e Ensino M\u00e9dio","robots":{"index":"index","follow":"follow","max-snippet":"max-snippet:-1","max-image-preview":"max-image-preview:large","max-video-preview":"max-video-preview:-1"},"canonical":"https:\/\/www.cetes.com.br\/?page_id=402","og_locale":"pt_BR","og_type":"article","og_title":"Apoio Did\u00e1tico - Col\u00e9gio Cet\u00e9s - Melhor Escola particular - Educa\u00e7\u00e3o Infantil, Fundamental e Ensino M\u00e9dio","og_description":"Col\u00e9gio Cet\u00e9s Escola Particular Suzano e regi\u00e3o Melhor Escola Educa\u00e7\u00e3o Infantil Ensino Fundamental Ensino M\u00e9dio","og_url":"https:\/\/www.cetes.com.br\/?page_id=402","og_site_name":"Col\u00e9gio Cet\u00e9s - Melhor Escola particular - Educa\u00e7\u00e3o Infantil, Fundamental e Ensino M\u00e9dio","article_publisher":"https:\/\/www.facebook.com\/ColegioCetes\/","article_modified_time":"2024-05-29T13:31:04+00:00","og_image":[{"url":"https:\/\/www.cetes.com.br\/wp-content\/uploads\/2024\/02\/sistema-de-ensino.png"}],"twitter_card":"summary_large_image","twitter_misc":{"Est. tempo de leitura":"2 minutos"},"schema":{"@context":"https:\/\/schema.org","@graph":[{"@type":"Organization","@id":"https:\/\/www.cetes.com.br\/#organization","name":"Col\u00e9gio Cet\u00e9s","url":"https:\/\/www.cetes.com.br\/","sameAs":["https:\/\/www.facebook.com\/ColegioCetes\/","https:\/\/www.instagram.com\/colegiocetes\/","https:\/\/www.youtube.com\/ColegioCetes"],"logo":{"@type":"ImageObject","inLanguage":"pt-BR","@id":"https:\/\/www.cetes.com.br\/#\/schema\/logo\/image\/","url":"https:\/\/www.cetes.com.br\/wp-content\/uploads\/2020\/01\/Logo-500px.png","contentUrl":"https:\/\/www.cetes.com.br\/wp-content\/uploads\/2020\/01\/Logo-500px.png","width":500,"height":205,"caption":"Col\u00e9gio Cet\u00e9s"},"image":{"@id":"https:\/\/www.cetes.com.br\/#\/schema\/logo\/image\/"}},{"@type":"WebSite","@id":"https:\/\/www.cetes.com.br\/#website","url":"https:\/\/www.cetes.com.br\/","name":"Col\u00e9gio Cet\u00e9s - Melhor Escola particular - Educa\u00e7\u00e3o Infantil, Fundamental e Ensino M\u00e9dio","description":"Melhor escola particular de Suzano - Educa\u00e7\u00e3o Infantil, Fundamental e Ensino M\u00e9dio","publisher":{"@id":"https:\/\/www.cetes.com.br\/#organization"},"potentialAction":[{"@type":"SearchAction","target":{"@type":"EntryPoint","urlTemplate":"https:\/\/www.cetes.com.br\/?s={search_term_string}"},"query-input":"required name=search_term_string"}],"inLanguage":"pt-BR"},{"@type":"ImageObject","inLanguage":"pt-BR","@id":"https:\/\/www.cetes.com.br\/?page_id=402#primaryimage","url":"https:\/\/www.cetes.com.br\/wp-content\/uploads\/2024\/02\/sistema-de-ensino.png","contentUrl":"https:\/\/www.cetes.com.br\/wp-content\/uploads\/2024\/02\/sistema-de-ensino.png","width":274,"height":155,"caption":"Logo Sistema de Ensino pH"},{"@type":"WebPage","@id":"https:\/\/www.cetes.com.br\/?page_id=402#webpage","url":"https:\/\/www.cetes.com.br\/?page_id=402","name":"Apoio Did\u00e1tico - Col\u00e9gio Cet\u00e9s - Melhor Escola particular - Educa\u00e7\u00e3o Infantil, Fundamental e Ensino M\u00e9dio","isPartOf":{"@id":"https:\/\/www.cetes.com.br\/#website"},"primaryImageOfPage":{"@id":"https:\/\/www.cetes.com.br\/?page_id=402#primaryimage"},"datePublished":"2020-01-28T15:50:33+00:00","dateModified":"2024-05-29T13:31:04+00:00","breadcrumb":{"@id":"https:\/\/www.cetes.com.br\/?page_id=402#breadcrumb"},"inLanguage":"pt-BR","potentialAction":[{"@type":"ReadAction","target":["https:\/\/www.cetes.com.br\/?page_id=402"]}]},{"@type":"BreadcrumbList","@id":"https:\/\/www.cetes.com.br\/?page_id=402#breadcrumb","itemListElement":[{"@type":"ListItem","position":1,"name":"In\u00edcio","item":"https:\/\/www.cetes.com.br\/"},{"@type":"ListItem","position":2,"name":"Apoio Did\u00e1tico"}]}]}},"_links":{"self":[{"href":"https:\/\/www.cetes.com.br\/index.php?rest_route=\/wp\/v2\/pages\/402"}],"collection":[{"href":"https:\/\/www.cetes.com.br\/index.php?rest_route=\/wp\/v2\/pages"}],"about":[{"href":"https:\/\/www.cetes.com.br\/index.php?rest_route=\/wp\/v2\/types\/page"}],"author":[{"embeddable":true,"href":"https:\/\/www.cetes.com.br\/index.php?rest_route=\/wp\/v2\/users\/1"}],"replies":[{"embeddable":true,"href":"https:\/\/www.cetes.com.br\/index.php?rest_route=%2Fwp%2Fv2%2Fcomments&post=402"}],"version-history":[{"count":25,"href":"https:\/\/www.cetes.com.br\/index.php?rest_route=\/wp\/v2\/pages\/402\/revisions"}],"predecessor-version":[{"id":8154,"href":"https:\/\/www.cetes.com.br\/index.php?rest_route=\/wp\/v2\/pages\/402\/revisions\/8154"}],"wp:attachment":[{"href":"https:\/\/www.cetes.com.br\/index.php?rest_route=%2Fwp%2Fv2%2Fmedia&parent=402"}],"curies":[{"name":"wp","href":"https:\/\/api.w.org\/{rel}","templated":true}]}}