{"id":4097,"date":"2020-12-15T19:57:29","date_gmt":"2020-12-15T19:57:29","guid":{"rendered":"https:\/\/www.cetes.com.br\/?page_id=4097"},"modified":"2021-01-14T12:02:50","modified_gmt":"2021-01-14T12:02:50","slug":"sobre-a-metodologia","status":"publish","type":"page","link":"https:\/\/www.cetes.com.br\/?page_id=4097","title":{"rendered":"Metodologia"},"content":{"rendered":"\t\t<div data-elementor-type=\"wp-page\" data-elementor-id=\"4097\" class=\"elementor elementor-4097\" data-elementor-settings=\"[]\">\n\t\t\t\t\t\t<div class=\"elementor-inner\">\n\t\t\t\t\t\t\t<div class=\"elementor-section-wrap\">\n\t\t\t\t\t\t\t<section class=\"elementor-section elementor-top-section elementor-element elementor-element-e067059 elementor-section-boxed elementor-section-height-default elementor-section-height-default\" data-id=\"e067059\" data-element_type=\"section\">\n\t\t\t\t\t\t<div class=\"elementor-container elementor-column-gap-default\">\n\t\t\t\t\t\t\t<div class=\"elementor-row\">\n\t\t\t\t\t<div class=\"elementor-column elementor-col-100 elementor-top-column elementor-element elementor-element-f2b316c\" data-id=\"f2b316c\" data-element_type=\"column\">\n\t\t\t<div class=\"elementor-column-wrap elementor-element-populated\">\n\t\t\t\t\t\t\t<div class=\"elementor-widget-wrap\">\n\t\t\t\t\t\t<div class=\"elementor-element elementor-element-5f11b57 elementor-widget elementor-widget-heading\" data-id=\"5f11b57\" data-element_type=\"widget\" data-widget_type=\"heading.default\">\n\t\t\t\t<div class=\"elementor-widget-container\">\n\t\t\t<h2 class=\"elementor-heading-title elementor-size-default\">Metodologia<\/h2>\t\t<\/div>\n\t\t\t\t<\/div>\n\t\t\t\t\t\t<\/div>\n\t\t\t\t\t<\/div>\n\t\t<\/div>\n\t\t\t\t\t\t\t\t<\/div>\n\t\t\t\t\t<\/div>\n\t\t<\/section>\n\t\t\t\t<section class=\"elementor-section elementor-top-section elementor-element elementor-element-88bd642 elementor-section-boxed elementor-section-height-default elementor-section-height-default\" data-id=\"88bd642\" data-element_type=\"section\">\n\t\t\t\t\t\t<div class=\"elementor-container elementor-column-gap-default\">\n\t\t\t\t\t\t\t<div class=\"elementor-row\">\n\t\t\t\t\t<div class=\"elementor-column elementor-col-100 elementor-top-column elementor-element elementor-element-0798019\" data-id=\"0798019\" data-element_type=\"column\">\n\t\t\t<div class=\"elementor-column-wrap elementor-element-populated\">\n\t\t\t\t\t\t\t<div class=\"elementor-widget-wrap\">\n\t\t\t\t\t\t<div class=\"elementor-element elementor-element-78ab807 elementor-widget elementor-widget-text-editor\" data-id=\"78ab807\" data-element_type=\"widget\" data-widget_type=\"text-editor.default\">\n\t\t\t\t<div class=\"elementor-widget-container\">\n\t\t\t\t\t\t\t\t<div class=\"elementor-text-editor elementor-clearfix\">\n\t\t\t\t<p>A escola adota a linha filos\u00f3fica s\u00f3ciointeracionista, ou seja, o aluno \u00e9 motivado a raciocinar, entender, interpretar e intervir no mundo, tornando-se cidad\u00e3o cr\u00edtico e atuante.<\/p><p>Busca-se a constru\u00e7\u00e3o da autonomia do aluno, do autoconhecimento, da valida\u00e7\u00e3o dos saberes pr\u00e9vios, da atitude \u00e9tica e consciente, da forma\u00e7\u00e3o da identidade, da amplia\u00e7\u00e3o do repert\u00f3rio cultural e do respeito \u00e0 pluralidade das ideias.<\/p><p>O aluno \u00e9 motivado a estabelecer a rela\u00e7\u00e3o entre a teoria aprendida e a pr\u00e1tica vivenciada, de forma a exercer a cidadania com consci\u00eancia e responsabilidade.<\/p>\t\t\t\t\t<\/div>\n\t\t\t\t\t\t<\/div>\n\t\t\t\t<\/div>\n\t\t\t\t\t\t<\/div>\n\t\t\t\t\t<\/div>\n\t\t<\/div>\n\t\t\t\t\t\t\t\t<\/div>\n\t\t\t\t\t<\/div>\n\t\t<\/section>\n\t\t\t\t<section class=\"elementor-section elementor-top-section elementor-element elementor-element-4c2ecbf elementor-section-boxed elementor-section-height-default elementor-section-height-default\" data-id=\"4c2ecbf\" data-element_type=\"section\">\n\t\t\t\t\t\t<div class=\"elementor-container elementor-column-gap-default\">\n\t\t\t\t\t\t\t<div class=\"elementor-row\">\n\t\t\t\t\t<div class=\"elementor-column elementor-col-100 elementor-top-column elementor-element elementor-element-5d70487\" data-id=\"5d70487\" data-element_type=\"column\">\n\t\t\t<div class=\"elementor-column-wrap elementor-element-populated\">\n\t\t\t\t\t\t\t<div class=\"elementor-widget-wrap\">\n\t\t\t\t\t\t<div class=\"elementor-element elementor-element-d7e7d47 gallery-spacing-custom elementor-widget elementor-widget-image-gallery\" data-id=\"d7e7d47\" data-element_type=\"widget\" data-widget_type=\"image-gallery.default\">\n\t\t\t\t<div class=\"elementor-widget-container\">\n\t\t\t\t\t<div class=\"elementor-image-gallery\">\n\t\t\t<div id='gallery-1' class='gallery galleryid-4097 gallery-columns-3 gallery-size-onepress-small'><figure class='gallery-item'>\n\t\t\t<div class='gallery-icon landscape'>\n\t\t\t\t<a data-elementor-open-lightbox=\"yes\" data-elementor-lightbox-slideshow=\"d7e7d47\" data-elementor-lightbox-title=\"sala infantil 4\" href='https:\/\/www.cetes.com.br\/wp-content\/uploads\/2021\/01\/sala-infantil-4.jpeg'><img width=\"480\" height=\"300\" src=\"https:\/\/www.cetes.com.br\/wp-content\/uploads\/2021\/01\/sala-infantil-4-480x300.jpeg\" class=\"attachment-onepress-small size-onepress-small\" alt=\"\" loading=\"lazy\" srcset=\"https:\/\/www.cetes.com.br\/wp-content\/uploads\/2021\/01\/sala-infantil-4-480x300.jpeg 480w, https:\/\/www.cetes.com.br\/wp-content\/uploads\/2021\/01\/sala-infantil-4-640x400.jpeg 640w\" sizes=\"(max-width: 480px) 100vw, 480px\" \/><\/a>\n\t\t\t<\/div><\/figure><figure class='gallery-item'>\n\t\t\t<div class='gallery-icon landscape'>\n\t\t\t\t<a data-elementor-open-lightbox=\"yes\" data-elementor-lightbox-slideshow=\"d7e7d47\" data-elementor-lightbox-title=\"IMG_E3213\" href='https:\/\/www.cetes.com.br\/wp-content\/uploads\/2021\/01\/IMG_E3213-scaled.jpg'><img width=\"480\" height=\"300\" src=\"https:\/\/www.cetes.com.br\/wp-content\/uploads\/2021\/01\/IMG_E3213-480x300.jpg\" class=\"attachment-onepress-small size-onepress-small\" alt=\"\" loading=\"lazy\" srcset=\"https:\/\/www.cetes.com.br\/wp-content\/uploads\/2021\/01\/IMG_E3213-480x300.jpg 480w, https:\/\/www.cetes.com.br\/wp-content\/uploads\/2021\/01\/IMG_E3213-640x400.jpg 640w\" sizes=\"(max-width: 480px) 100vw, 480px\" \/><\/a>\n\t\t\t<\/div><\/figure><figure class='gallery-item'>\n\t\t\t<div class='gallery-icon landscape'>\n\t\t\t\t<a data-elementor-open-lightbox=\"yes\" data-elementor-lightbox-slideshow=\"d7e7d47\" data-elementor-lightbox-title=\"WhatsApp Image 2019-03-22 at 21.17.24\" href='https:\/\/www.cetes.com.br\/wp-content\/uploads\/2021\/01\/WhatsApp-Image-2019-03-22-at-21.17.24.jpeg'><img width=\"480\" height=\"300\" src=\"https:\/\/www.cetes.com.br\/wp-content\/uploads\/2021\/01\/WhatsApp-Image-2019-03-22-at-21.17.24-480x300.jpeg\" class=\"attachment-onepress-small size-onepress-small\" alt=\"\" loading=\"lazy\" srcset=\"https:\/\/www.cetes.com.br\/wp-content\/uploads\/2021\/01\/WhatsApp-Image-2019-03-22-at-21.17.24-480x300.jpeg 480w, https:\/\/www.cetes.com.br\/wp-content\/uploads\/2021\/01\/WhatsApp-Image-2019-03-22-at-21.17.24-640x400.jpeg 640w\" sizes=\"(max-width: 480px) 100vw, 480px\" \/><\/a>\n\t\t\t<\/div><\/figure><figure class='gallery-item'>\n\t\t\t<div class='gallery-icon landscape'>\n\t\t\t\t<a data-elementor-open-lightbox=\"yes\" data-elementor-lightbox-slideshow=\"d7e7d47\" data-elementor-lightbox-title=\"Fund 2 - sala de aula\" href='https:\/\/www.cetes.com.br\/wp-content\/uploads\/2021\/01\/Fund-2-sala-de-aula.jpeg'><img width=\"480\" height=\"300\" src=\"https:\/\/www.cetes.com.br\/wp-content\/uploads\/2021\/01\/Fund-2-sala-de-aula-480x300.jpeg\" class=\"attachment-onepress-small size-onepress-small\" alt=\"\" loading=\"lazy\" srcset=\"https:\/\/www.cetes.com.br\/wp-content\/uploads\/2021\/01\/Fund-2-sala-de-aula-480x300.jpeg 480w, https:\/\/www.cetes.com.br\/wp-content\/uploads\/2021\/01\/Fund-2-sala-de-aula-640x400.jpeg 640w\" sizes=\"(max-width: 480px) 100vw, 480px\" \/><\/a>\n\t\t\t<\/div><\/figure><figure class='gallery-item'>\n\t\t\t<div class='gallery-icon landscape'>\n\t\t\t\t<a data-elementor-open-lightbox=\"yes\" data-elementor-lightbox-slideshow=\"d7e7d47\" data-elementor-lightbox-title=\"IMG_3088\" href='https:\/\/www.cetes.com.br\/wp-content\/uploads\/2021\/01\/IMG_3088-scaled.jpg'><img width=\"480\" height=\"300\" src=\"https:\/\/www.cetes.com.br\/wp-content\/uploads\/2021\/01\/IMG_3088-480x300.jpg\" class=\"attachment-onepress-small size-onepress-small\" alt=\"\" loading=\"lazy\" srcset=\"https:\/\/www.cetes.com.br\/wp-content\/uploads\/2021\/01\/IMG_3088-480x300.jpg 480w, https:\/\/www.cetes.com.br\/wp-content\/uploads\/2021\/01\/IMG_3088-640x400.jpg 640w\" sizes=\"(max-width: 480px) 100vw, 480px\" \/><\/a>\n\t\t\t<\/div><\/figure><figure class='gallery-item'>\n\t\t\t<div class='gallery-icon portrait'>\n\t\t\t\t<a data-elementor-open-lightbox=\"yes\" data-elementor-lightbox-slideshow=\"d7e7d47\" data-elementor-lightbox-title=\"IMG_3042\" href='https:\/\/www.cetes.com.br\/wp-content\/uploads\/2021\/01\/IMG_3042-scaled.jpg'><img width=\"480\" height=\"300\" src=\"https:\/\/www.cetes.com.br\/wp-content\/uploads\/2021\/01\/IMG_3042-480x300.jpg\" class=\"attachment-onepress-small size-onepress-small\" alt=\"\" loading=\"lazy\" srcset=\"https:\/\/www.cetes.com.br\/wp-content\/uploads\/2021\/01\/IMG_3042-480x300.jpg 480w, https:\/\/www.cetes.com.br\/wp-content\/uploads\/2021\/01\/IMG_3042-640x400.jpg 640w\" sizes=\"(max-width: 480px) 100vw, 480px\" \/><\/a>\n\t\t\t<\/div><\/figure><figure class='gallery-item'>\n\t\t\t<div class='gallery-icon landscape'>\n\t\t\t\t<a data-elementor-open-lightbox=\"yes\" data-elementor-lightbox-slideshow=\"d7e7d47\" data-elementor-lightbox-title=\"WhatsApp Image 2018-04-13 at 11.19.57\" href='https:\/\/www.cetes.com.br\/wp-content\/uploads\/2021\/01\/WhatsApp-Image-2018-04-13-at-11.19.57.jpeg'><img width=\"480\" height=\"300\" src=\"https:\/\/www.cetes.com.br\/wp-content\/uploads\/2021\/01\/WhatsApp-Image-2018-04-13-at-11.19.57-480x300.jpeg\" class=\"attachment-onepress-small size-onepress-small\" alt=\"\" loading=\"lazy\" srcset=\"https:\/\/www.cetes.com.br\/wp-content\/uploads\/2021\/01\/WhatsApp-Image-2018-04-13-at-11.19.57-480x300.jpeg 480w, https:\/\/www.cetes.com.br\/wp-content\/uploads\/2021\/01\/WhatsApp-Image-2018-04-13-at-11.19.57-640x400.jpeg 640w\" sizes=\"(max-width: 480px) 100vw, 480px\" \/><\/a>\n\t\t\t<\/div><\/figure><figure class='gallery-item'>\n\t\t\t<div class='gallery-icon landscape'>\n\t\t\t\t<a data-elementor-open-lightbox=\"yes\" data-elementor-lightbox-slideshow=\"d7e7d47\" data-elementor-lightbox-title=\"WhatsApp Image 2019-04-15 at 11.12.44\" href='https:\/\/www.cetes.com.br\/wp-content\/uploads\/2021\/01\/WhatsApp-Image-2019-04-15-at-11.12.44.jpeg'><img width=\"480\" height=\"300\" src=\"https:\/\/www.cetes.com.br\/wp-content\/uploads\/2021\/01\/WhatsApp-Image-2019-04-15-at-11.12.44-480x300.jpeg\" class=\"attachment-onepress-small size-onepress-small\" alt=\"\" loading=\"lazy\" srcset=\"https:\/\/www.cetes.com.br\/wp-content\/uploads\/2021\/01\/WhatsApp-Image-2019-04-15-at-11.12.44-480x300.jpeg 480w, https:\/\/www.cetes.com.br\/wp-content\/uploads\/2021\/01\/WhatsApp-Image-2019-04-15-at-11.12.44-640x400.jpeg 640w\" sizes=\"(max-width: 480px) 100vw, 480px\" \/><\/a>\n\t\t\t<\/div><\/figure>\n\t\t<\/div>\n\t\t<\/div>\n\t\t\t\t<\/div>\n\t\t\t\t<\/div>\n\t\t\t\t\t\t<\/div>\n\t\t\t\t\t<\/div>\n\t\t<\/div>\n\t\t\t\t\t\t\t\t<\/div>\n\t\t\t\t\t<\/div>\n\t\t<\/section>\n\t\t\t\t\t\t<\/div>\n\t\t\t\t\t\t<\/div>\n\t\t\t\t\t<\/div>\n\t\t","protected":false},"excerpt":{"rendered":"<p>Metodologia A escola adota a linha filos\u00f3fica s\u00f3ciointeracionista, ou seja, o aluno \u00e9 motivado a raciocinar, entender, interpretar e intervir no mundo, tornando-se cidad\u00e3o cr\u00edtico e atuante. Busca-se a constru\u00e7\u00e3o &#8230;<\/p>\n","protected":false},"author":1,"featured_media":0,"parent":0,"menu_order":0,"comment_status":"closed","ping_status":"closed","template":"elementor_canvas","meta":[],"yoast_head":"<!-- This site is optimized with the Yoast SEO plugin v18.8 - https:\/\/yoast.com\/wordpress\/plugins\/seo\/ -->\n<title>Metodologia - Col\u00e9gio Cet\u00e9s - Melhor Escola particular - Educa\u00e7\u00e3o Infantil, Fundamental e Ensino M\u00e9dio<\/title>\n<meta name=\"robots\" content=\"index, follow, max-snippet:-1, max-image-preview:large, max-video-preview:-1\" \/>\n<link rel=\"canonical\" href=\"https:\/\/www.cetes.com.br\/?page_id=4097\" \/>\n<meta property=\"og:locale\" content=\"pt_BR\" \/>\n<meta property=\"og:type\" content=\"article\" \/>\n<meta property=\"og:title\" content=\"Metodologia - Col\u00e9gio Cet\u00e9s - Melhor Escola particular - Educa\u00e7\u00e3o Infantil, Fundamental e Ensino M\u00e9dio\" \/>\n<meta property=\"og:description\" content=\"Metodologia A escola adota a linha filos\u00f3fica s\u00f3ciointeracionista, ou seja, o aluno \u00e9 motivado a raciocinar, entender, interpretar e intervir no mundo, tornando-se cidad\u00e3o cr\u00edtico e atuante. Busca-se a constru\u00e7\u00e3o ...\" \/>\n<meta property=\"og:url\" content=\"https:\/\/www.cetes.com.br\/?page_id=4097\" \/>\n<meta property=\"og:site_name\" content=\"Col\u00e9gio Cet\u00e9s - Melhor Escola particular - Educa\u00e7\u00e3o Infantil, Fundamental e Ensino M\u00e9dio\" \/>\n<meta property=\"article:publisher\" content=\"https:\/\/www.facebook.com\/ColegioCetes\/\" \/>\n<meta property=\"article:modified_time\" content=\"2021-01-14T12:02:50+00:00\" \/>\n<meta property=\"og:image\" content=\"https:\/\/www.cetes.com.br\/wp-content\/uploads\/2021\/01\/sala-infantil-4-480x300.jpeg\" \/>\n<meta name=\"twitter:card\" content=\"summary_large_image\" \/>\n<script type=\"application\/ld+json\" class=\"yoast-schema-graph\">{\"@context\":\"https:\/\/schema.org\",\"@graph\":[{\"@type\":\"Organization\",\"@id\":\"https:\/\/www.cetes.com.br\/#organization\",\"name\":\"Col\u00e9gio Cet\u00e9s\",\"url\":\"https:\/\/www.cetes.com.br\/\",\"sameAs\":[\"https:\/\/www.facebook.com\/ColegioCetes\/\",\"https:\/\/www.instagram.com\/colegiocetes\/\",\"https:\/\/www.youtube.com\/ColegioCetes\"],\"logo\":{\"@type\":\"ImageObject\",\"inLanguage\":\"pt-BR\",\"@id\":\"https:\/\/www.cetes.com.br\/#\/schema\/logo\/image\/\",\"url\":\"https:\/\/www.cetes.com.br\/wp-content\/uploads\/2020\/01\/Logo-500px.png\",\"contentUrl\":\"https:\/\/www.cetes.com.br\/wp-content\/uploads\/2020\/01\/Logo-500px.png\",\"width\":500,\"height\":205,\"caption\":\"Col\u00e9gio Cet\u00e9s\"},\"image\":{\"@id\":\"https:\/\/www.cetes.com.br\/#\/schema\/logo\/image\/\"}},{\"@type\":\"WebSite\",\"@id\":\"https:\/\/www.cetes.com.br\/#website\",\"url\":\"https:\/\/www.cetes.com.br\/\",\"name\":\"Col\u00e9gio Cet\u00e9s - Melhor Escola particular - Educa\u00e7\u00e3o Infantil, Fundamental e Ensino M\u00e9dio\",\"description\":\"Melhor escola particular de Suzano - Educa\u00e7\u00e3o Infantil, Fundamental e Ensino M\u00e9dio\",\"publisher\":{\"@id\":\"https:\/\/www.cetes.com.br\/#organization\"},\"potentialAction\":[{\"@type\":\"SearchAction\",\"target\":{\"@type\":\"EntryPoint\",\"urlTemplate\":\"https:\/\/www.cetes.com.br\/?s={search_term_string}\"},\"query-input\":\"required name=search_term_string\"}],\"inLanguage\":\"pt-BR\"},{\"@type\":\"ImageObject\",\"inLanguage\":\"pt-BR\",\"@id\":\"https:\/\/www.cetes.com.br\/?page_id=4097#primaryimage\",\"url\":\"https:\/\/www.cetes.com.br\/wp-content\/uploads\/2021\/01\/sala-infantil-4.jpeg\",\"contentUrl\":\"https:\/\/www.cetes.com.br\/wp-content\/uploads\/2021\/01\/sala-infantil-4.jpeg\",\"width\":1280,\"height\":960},{\"@type\":\"WebPage\",\"@id\":\"https:\/\/www.cetes.com.br\/?page_id=4097#webpage\",\"url\":\"https:\/\/www.cetes.com.br\/?page_id=4097\",\"name\":\"Metodologia - Col\u00e9gio Cet\u00e9s - Melhor Escola particular - Educa\u00e7\u00e3o Infantil, Fundamental e Ensino M\u00e9dio\",\"isPartOf\":{\"@id\":\"https:\/\/www.cetes.com.br\/#website\"},\"primaryImageOfPage\":{\"@id\":\"https:\/\/www.cetes.com.br\/?page_id=4097#primaryimage\"},\"datePublished\":\"2020-12-15T19:57:29+00:00\",\"dateModified\":\"2021-01-14T12:02:50+00:00\",\"breadcrumb\":{\"@id\":\"https:\/\/www.cetes.com.br\/?page_id=4097#breadcrumb\"},\"inLanguage\":\"pt-BR\",\"potentialAction\":[{\"@type\":\"ReadAction\",\"target\":[\"https:\/\/www.cetes.com.br\/?page_id=4097\"]}]},{\"@type\":\"BreadcrumbList\",\"@id\":\"https:\/\/www.cetes.com.br\/?page_id=4097#breadcrumb\",\"itemListElement\":[{\"@type\":\"ListItem\",\"position\":1,\"name\":\"In\u00edcio\",\"item\":\"https:\/\/www.cetes.com.br\/\"},{\"@type\":\"ListItem\",\"position\":2,\"name\":\"Metodologia\"}]}]}<\/script>\n<!-- \/ Yoast SEO plugin. -->","yoast_head_json":{"title":"Metodologia - Col\u00e9gio Cet\u00e9s - Melhor Escola particular - Educa\u00e7\u00e3o Infantil, Fundamental e Ensino M\u00e9dio","robots":{"index":"index","follow":"follow","max-snippet":"max-snippet:-1","max-image-preview":"max-image-preview:large","max-video-preview":"max-video-preview:-1"},"canonical":"https:\/\/www.cetes.com.br\/?page_id=4097","og_locale":"pt_BR","og_type":"article","og_title":"Metodologia - Col\u00e9gio Cet\u00e9s - Melhor Escola particular - Educa\u00e7\u00e3o Infantil, Fundamental e Ensino M\u00e9dio","og_description":"Metodologia A escola adota a linha filos\u00f3fica s\u00f3ciointeracionista, ou seja, o aluno \u00e9 motivado a raciocinar, entender, interpretar e intervir no mundo, tornando-se cidad\u00e3o cr\u00edtico e atuante. Busca-se a constru\u00e7\u00e3o ...","og_url":"https:\/\/www.cetes.com.br\/?page_id=4097","og_site_name":"Col\u00e9gio Cet\u00e9s - Melhor Escola particular - Educa\u00e7\u00e3o Infantil, Fundamental e Ensino M\u00e9dio","article_publisher":"https:\/\/www.facebook.com\/ColegioCetes\/","article_modified_time":"2021-01-14T12:02:50+00:00","og_image":[{"url":"https:\/\/www.cetes.com.br\/wp-content\/uploads\/2021\/01\/sala-infantil-4-480x300.jpeg"}],"twitter_card":"summary_large_image","schema":{"@context":"https:\/\/schema.org","@graph":[{"@type":"Organization","@id":"https:\/\/www.cetes.com.br\/#organization","name":"Col\u00e9gio Cet\u00e9s","url":"https:\/\/www.cetes.com.br\/","sameAs":["https:\/\/www.facebook.com\/ColegioCetes\/","https:\/\/www.instagram.com\/colegiocetes\/","https:\/\/www.youtube.com\/ColegioCetes"],"logo":{"@type":"ImageObject","inLanguage":"pt-BR","@id":"https:\/\/www.cetes.com.br\/#\/schema\/logo\/image\/","url":"https:\/\/www.cetes.com.br\/wp-content\/uploads\/2020\/01\/Logo-500px.png","contentUrl":"https:\/\/www.cetes.com.br\/wp-content\/uploads\/2020\/01\/Logo-500px.png","width":500,"height":205,"caption":"Col\u00e9gio Cet\u00e9s"},"image":{"@id":"https:\/\/www.cetes.com.br\/#\/schema\/logo\/image\/"}},{"@type":"WebSite","@id":"https:\/\/www.cetes.com.br\/#website","url":"https:\/\/www.cetes.com.br\/","name":"Col\u00e9gio Cet\u00e9s - Melhor Escola particular - Educa\u00e7\u00e3o Infantil, Fundamental e Ensino M\u00e9dio","description":"Melhor escola particular de Suzano - Educa\u00e7\u00e3o Infantil, Fundamental e Ensino M\u00e9dio","publisher":{"@id":"https:\/\/www.cetes.com.br\/#organization"},"potentialAction":[{"@type":"SearchAction","target":{"@type":"EntryPoint","urlTemplate":"https:\/\/www.cetes.com.br\/?s={search_term_string}"},"query-input":"required name=search_term_string"}],"inLanguage":"pt-BR"},{"@type":"ImageObject","inLanguage":"pt-BR","@id":"https:\/\/www.cetes.com.br\/?page_id=4097#primaryimage","url":"https:\/\/www.cetes.com.br\/wp-content\/uploads\/2021\/01\/sala-infantil-4.jpeg","contentUrl":"https:\/\/www.cetes.com.br\/wp-content\/uploads\/2021\/01\/sala-infantil-4.jpeg","width":1280,"height":960},{"@type":"WebPage","@id":"https:\/\/www.cetes.com.br\/?page_id=4097#webpage","url":"https:\/\/www.cetes.com.br\/?page_id=4097","name":"Metodologia - Col\u00e9gio Cet\u00e9s - Melhor Escola particular - Educa\u00e7\u00e3o Infantil, Fundamental e Ensino M\u00e9dio","isPartOf":{"@id":"https:\/\/www.cetes.com.br\/#website"},"primaryImageOfPage":{"@id":"https:\/\/www.cetes.com.br\/?page_id=4097#primaryimage"},"datePublished":"2020-12-15T19:57:29+00:00","dateModified":"2021-01-14T12:02:50+00:00","breadcrumb":{"@id":"https:\/\/www.cetes.com.br\/?page_id=4097#breadcrumb"},"inLanguage":"pt-BR","potentialAction":[{"@type":"ReadAction","target":["https:\/\/www.cetes.com.br\/?page_id=4097"]}]},{"@type":"BreadcrumbList","@id":"https:\/\/www.cetes.com.br\/?page_id=4097#breadcrumb","itemListElement":[{"@type":"ListItem","position":1,"name":"In\u00edcio","item":"https:\/\/www.cetes.com.br\/"},{"@type":"ListItem","position":2,"name":"Metodologia"}]}]}},"_links":{"self":[{"href":"https:\/\/www.cetes.com.br\/index.php?rest_route=\/wp\/v2\/pages\/4097"}],"collection":[{"href":"https:\/\/www.cetes.com.br\/index.php?rest_route=\/wp\/v2\/pages"}],"about":[{"href":"https:\/\/www.cetes.com.br\/index.php?rest_route=\/wp\/v2\/types\/page"}],"author":[{"embeddable":true,"href":"https:\/\/www.cetes.com.br\/index.php?rest_route=\/wp\/v2\/users\/1"}],"replies":[{"embeddable":true,"href":"https:\/\/www.cetes.com.br\/index.php?rest_route=%2Fwp%2Fv2%2Fcomments&post=4097"}],"version-history":[{"count":20,"href":"https:\/\/www.cetes.com.br\/index.php?rest_route=\/wp\/v2\/pages\/4097\/revisions"}],"predecessor-version":[{"id":4586,"href":"https:\/\/www.cetes.com.br\/index.php?rest_route=\/wp\/v2\/pages\/4097\/revisions\/4586"}],"wp:attachment":[{"href":"https:\/\/www.cetes.com.br\/index.php?rest_route=%2Fwp%2Fv2%2Fmedia&parent=4097"}],"curies":[{"name":"wp","href":"https:\/\/api.w.org\/{rel}","templated":true}]}}