{"id":73,"date":"2020-01-16T14:41:59","date_gmt":"2020-01-16T14:41:59","guid":{"rendered":"https:\/\/www.cetes.com.br\/?page_id=73"},"modified":"2020-02-28T21:23:41","modified_gmt":"2020-02-28T21:23:41","slug":"robotica","status":"publish","type":"page","link":"https:\/\/www.cetes.com.br\/?page_id=73","title":{"rendered":"Tecnologia e Comunica\u00e7\u00e3o"},"content":{"rendered":"\t\t<div data-elementor-type=\"wp-page\" data-elementor-id=\"73\" class=\"elementor elementor-73\" data-elementor-settings=\"[]\">\n\t\t\t\t\t\t<div class=\"elementor-inner\">\n\t\t\t\t\t\t\t<div class=\"elementor-section-wrap\">\n\t\t\t\t\t\t\t<section class=\"elementor-section elementor-top-section elementor-element elementor-element-8e0bf53 elementor-section-boxed elementor-section-height-default elementor-section-height-default\" data-id=\"8e0bf53\" data-element_type=\"section\">\n\t\t\t\t\t\t<div class=\"elementor-container elementor-column-gap-default\">\n\t\t\t\t\t\t\t<div class=\"elementor-row\">\n\t\t\t\t\t<div class=\"elementor-column elementor-col-100 elementor-top-column elementor-element elementor-element-57d00ce\" data-id=\"57d00ce\" data-element_type=\"column\">\n\t\t\t<div class=\"elementor-column-wrap elementor-element-populated\">\n\t\t\t\t\t\t\t<div class=\"elementor-widget-wrap\">\n\t\t\t\t\t\t<div class=\"elementor-element elementor-element-69bb548 elementor-widget elementor-widget-text-editor\" data-id=\"69bb548\" data-element_type=\"widget\" data-widget_type=\"text-editor.default\">\n\t\t\t\t<div class=\"elementor-widget-container\">\n\t\t\t\t\t\t\t\t<div class=\"elementor-text-editor elementor-clearfix\">\n\t\t\t\t<p>Proporciona momentos de integra\u00e7\u00e3o, troca de conhecimento, pensamento cr\u00edtico, pesquisa e a busca de solu\u00e7\u00f5es para os desafios da vida cotidiana. A proposta \u00e9 oferecer ao aluno momentos para explorar as tecnologias da informa\u00e7\u00e3o e comunica\u00e7\u00e3o e poder ampliar e utilizar seus conhecimentos em projetos de seu interesse.<\/p>\t\t\t\t\t<\/div>\n\t\t\t\t\t\t<\/div>\n\t\t\t\t<\/div>\n\t\t\t\t\t\t<\/div>\n\t\t\t\t\t<\/div>\n\t\t<\/div>\n\t\t\t\t\t\t\t\t<\/div>\n\t\t\t\t\t<\/div>\n\t\t<\/section>\n\t\t\t\t<section class=\"elementor-section elementor-top-section elementor-element elementor-element-27e415b elementor-section-boxed elementor-section-height-default elementor-section-height-default\" data-id=\"27e415b\" data-element_type=\"section\">\n\t\t\t\t\t\t<div class=\"elementor-container elementor-column-gap-default\">\n\t\t\t\t\t\t\t<div class=\"elementor-row\">\n\t\t\t\t\t<div class=\"elementor-column elementor-col-100 elementor-top-column elementor-element elementor-element-2c9b401\" data-id=\"2c9b401\" data-element_type=\"column\">\n\t\t\t<div class=\"elementor-column-wrap\">\n\t\t\t\t\t\t\t<div class=\"elementor-widget-wrap\">\n\t\t\t\t\t\t\t\t<\/div>\n\t\t\t\t\t<\/div>\n\t\t<\/div>\n\t\t\t\t\t\t\t\t<\/div>\n\t\t\t\t\t<\/div>\n\t\t<\/section>\n\t\t\t\t<section class=\"elementor-section elementor-top-section elementor-element elementor-element-9cf98f7 elementor-section-boxed elementor-section-height-default elementor-section-height-default\" data-id=\"9cf98f7\" data-element_type=\"section\" data-settings=\"{&quot;animation&quot;:&quot;none&quot;}\">\n\t\t\t\t\t\t<div class=\"elementor-container elementor-column-gap-default\">\n\t\t\t\t\t\t\t<div class=\"elementor-row\">\n\t\t\t\t\t<div class=\"elementor-column elementor-col-100 elementor-top-column elementor-element elementor-element-893c76e\" data-id=\"893c76e\" data-element_type=\"column\">\n\t\t\t<div class=\"elementor-column-wrap elementor-element-populated\">\n\t\t\t\t\t\t\t<div class=\"elementor-widget-wrap\">\n\t\t\t\t\t\t<div class=\"elementor-element elementor-element-cb89e44 elementor-widget elementor-widget-heading\" data-id=\"cb89e44\" data-element_type=\"widget\" data-widget_type=\"heading.default\">\n\t\t\t\t<div class=\"elementor-widget-container\">\n\t\t\t<h3 class=\"elementor-heading-title elementor-size-default\">TV CET\u00c9S E REVISTA ELETR\u00d4NICA<\/h3>\t\t<\/div>\n\t\t\t\t<\/div>\n\t\t\t\t<section class=\"elementor-section elementor-inner-section elementor-element elementor-element-2edab1f elementor-section-boxed elementor-section-height-default elementor-section-height-default\" data-id=\"2edab1f\" data-element_type=\"section\">\n\t\t\t\t\t\t<div class=\"elementor-container elementor-column-gap-default\">\n\t\t\t\t\t\t\t<div class=\"elementor-row\">\n\t\t\t\t\t<div class=\"elementor-column elementor-col-50 elementor-inner-column elementor-element elementor-element-3346d10\" data-id=\"3346d10\" data-element_type=\"column\">\n\t\t\t<div class=\"elementor-column-wrap elementor-element-populated\">\n\t\t\t\t\t\t\t<div class=\"elementor-widget-wrap\">\n\t\t\t\t\t\t<div class=\"elementor-element elementor-element-00ff950 elementor-widget elementor-widget-image\" data-id=\"00ff950\" data-element_type=\"widget\" data-widget_type=\"image.default\">\n\t\t\t\t<div class=\"elementor-widget-container\">\n\t\t\t\t\t\t\t\t<div class=\"elementor-image\">\n\t\t\t\t\t\t\t\t\t\t\t\t<img width=\"800\" height=\"450\" src=\"https:\/\/www.cetes.com.br\/wp-content\/uploads\/2020\/02\/2-2-1-1024x576.jpg\" class=\"attachment-large size-large\" alt=\"\" loading=\"lazy\" srcset=\"https:\/\/www.cetes.com.br\/wp-content\/uploads\/2020\/02\/2-2-1-1024x576.jpg 1024w, https:\/\/www.cetes.com.br\/wp-content\/uploads\/2020\/02\/2-2-1-300x169.jpg 300w, https:\/\/www.cetes.com.br\/wp-content\/uploads\/2020\/02\/2-2-1-768x432.jpg 768w, https:\/\/www.cetes.com.br\/wp-content\/uploads\/2020\/02\/2-2-1-1536x864.jpg 1536w, https:\/\/www.cetes.com.br\/wp-content\/uploads\/2020\/02\/2-2-1-2048x1151.jpg 2048w\" sizes=\"(max-width: 800px) 100vw, 800px\" \/>\t\t\t\t\t\t\t\t\t\t\t\t\t\t<\/div>\n\t\t\t\t\t\t<\/div>\n\t\t\t\t<\/div>\n\t\t\t\t\t\t<\/div>\n\t\t\t\t\t<\/div>\n\t\t<\/div>\n\t\t\t\t<div class=\"elementor-column elementor-col-50 elementor-inner-column elementor-element elementor-element-459aee4\" data-id=\"459aee4\" data-element_type=\"column\">\n\t\t\t<div class=\"elementor-column-wrap elementor-element-populated\">\n\t\t\t\t\t\t\t<div class=\"elementor-widget-wrap\">\n\t\t\t\t\t\t<div class=\"elementor-element elementor-element-ef8272b elementor-widget elementor-widget-text-editor\" data-id=\"ef8272b\" data-element_type=\"widget\" data-widget_type=\"text-editor.default\">\n\t\t\t\t<div class=\"elementor-widget-container\">\n\t\t\t\t\t\t\t\t<div class=\"elementor-text-editor elementor-clearfix\">\n\t\t\t\t<p><strong>Objetivo:<\/strong> Conhecer e participar de todo o processo que envolve a produ\u00e7\u00e3o de revistas e v\u00eddeos jornal\u00edsticos, estimular a cria\u00e7\u00e3o de textos e trabalhar em equipe, respeitar a opini\u00e3o dos colegas, potenciar e revelar novas aptid\u00f5es.<\/p><p><strong>Habilidades e Compet\u00eancias:<\/strong> Criatividade, trabalho em\u00a0 equipe, fazer escolhas, produzir diferentes estilos de textos e canais de comunica\u00e7\u00e3o.<\/p><p><strong>P\u00fablico Alvo:<\/strong> Alunos do infantil, fundamental e m\u00e9dio.<\/p>\t\t\t\t\t<\/div>\n\t\t\t\t\t\t<\/div>\n\t\t\t\t<\/div>\n\t\t\t\t\t\t<\/div>\n\t\t\t\t\t<\/div>\n\t\t<\/div>\n\t\t\t\t\t\t\t\t<\/div>\n\t\t\t\t\t<\/div>\n\t\t<\/section>\n\t\t\t\t\t\t<\/div>\n\t\t\t\t\t<\/div>\n\t\t<\/div>\n\t\t\t\t\t\t\t\t<\/div>\n\t\t\t\t\t<\/div>\n\t\t<\/section>\n\t\t\t\t<section class=\"elementor-section elementor-top-section elementor-element elementor-element-675b2f9 elementor-section-boxed elementor-section-height-default elementor-section-height-default\" data-id=\"675b2f9\" data-element_type=\"section\">\n\t\t\t\t\t\t<div class=\"elementor-container elementor-column-gap-default\">\n\t\t\t\t\t\t\t<div class=\"elementor-row\">\n\t\t\t\t\t<div class=\"elementor-column elementor-col-100 elementor-top-column elementor-element elementor-element-7d1674c\" data-id=\"7d1674c\" data-element_type=\"column\">\n\t\t\t<div class=\"elementor-column-wrap\">\n\t\t\t\t\t\t\t<div class=\"elementor-widget-wrap\">\n\t\t\t\t\t\t\t\t<\/div>\n\t\t\t\t\t<\/div>\n\t\t<\/div>\n\t\t\t\t\t\t\t\t<\/div>\n\t\t\t\t\t<\/div>\n\t\t<\/section>\n\t\t\t\t<section class=\"elementor-section elementor-top-section elementor-element elementor-element-ed71073 elementor-section-boxed elementor-section-height-default elementor-section-height-default\" data-id=\"ed71073\" data-element_type=\"section\" data-settings=\"{&quot;animation&quot;:&quot;none&quot;}\">\n\t\t\t\t\t\t<div class=\"elementor-container elementor-column-gap-default\">\n\t\t\t\t\t\t\t<div class=\"elementor-row\">\n\t\t\t\t\t<div class=\"elementor-column elementor-col-100 elementor-top-column elementor-element elementor-element-783bea4\" data-id=\"783bea4\" data-element_type=\"column\">\n\t\t\t<div class=\"elementor-column-wrap elementor-element-populated\">\n\t\t\t\t\t\t\t<div class=\"elementor-widget-wrap\">\n\t\t\t\t\t\t<div class=\"elementor-element elementor-element-6579ab7 elementor-widget elementor-widget-heading\" data-id=\"6579ab7\" data-element_type=\"widget\" data-widget_type=\"heading.default\">\n\t\t\t\t<div class=\"elementor-widget-container\">\n\t\t\t<h3 class=\"elementor-heading-title elementor-size-default\">OFICINA DE ROB\u00d3TICA<\/h3>\t\t<\/div>\n\t\t\t\t<\/div>\n\t\t\t\t<section class=\"elementor-section elementor-inner-section elementor-element elementor-element-ac890c6 elementor-section-boxed elementor-section-height-default elementor-section-height-default\" data-id=\"ac890c6\" data-element_type=\"section\">\n\t\t\t\t\t\t<div class=\"elementor-container elementor-column-gap-default\">\n\t\t\t\t\t\t\t<div class=\"elementor-row\">\n\t\t\t\t\t<div class=\"elementor-column elementor-col-50 elementor-inner-column elementor-element elementor-element-583f6ef\" data-id=\"583f6ef\" data-element_type=\"column\">\n\t\t\t<div class=\"elementor-column-wrap elementor-element-populated\">\n\t\t\t\t\t\t\t<div class=\"elementor-widget-wrap\">\n\t\t\t\t\t\t<div class=\"elementor-element elementor-element-645f5ad elementor-widget elementor-widget-image\" data-id=\"645f5ad\" data-element_type=\"widget\" data-widget_type=\"image.default\">\n\t\t\t\t<div class=\"elementor-widget-container\">\n\t\t\t\t\t\t\t\t<div class=\"elementor-image\">\n\t\t\t\t\t\t\t\t\t\t\t\t<img width=\"696\" height=\"372\" src=\"https:\/\/www.cetes.com.br\/wp-content\/uploads\/2020\/02\/Robotica.jpg\" class=\"attachment-large size-large\" alt=\"\" loading=\"lazy\" srcset=\"https:\/\/www.cetes.com.br\/wp-content\/uploads\/2020\/02\/Robotica.jpg 696w, https:\/\/www.cetes.com.br\/wp-content\/uploads\/2020\/02\/Robotica-300x160.jpg 300w\" sizes=\"(max-width: 696px) 100vw, 696px\" \/>\t\t\t\t\t\t\t\t\t\t\t\t\t\t<\/div>\n\t\t\t\t\t\t<\/div>\n\t\t\t\t<\/div>\n\t\t\t\t\t\t<\/div>\n\t\t\t\t\t<\/div>\n\t\t<\/div>\n\t\t\t\t<div class=\"elementor-column elementor-col-50 elementor-inner-column elementor-element elementor-element-6599c6d\" data-id=\"6599c6d\" data-element_type=\"column\">\n\t\t\t<div class=\"elementor-column-wrap elementor-element-populated\">\n\t\t\t\t\t\t\t<div class=\"elementor-widget-wrap\">\n\t\t\t\t\t\t<div class=\"elementor-element elementor-element-6c124f5 elementor-widget elementor-widget-text-editor\" data-id=\"6c124f5\" data-element_type=\"widget\" data-widget_type=\"text-editor.default\">\n\t\t\t\t<div class=\"elementor-widget-container\">\n\t\t\t\t\t\t\t\t<div class=\"elementor-text-editor elementor-clearfix\">\n\t\t\t\t<p><strong>Objetivo:<\/strong> Compreender o mundo da rob\u00f3tica e da programa\u00e7\u00e3o, desenvolver habilidades motoras, incentivar a criatividade, desenvolver o racioc\u00ednio l\u00f3gico e conhecer e explorar diferentes dispositivos eletr\u00f4nicos.<\/p><p><strong>Habilidades e Compet\u00eancias:<\/strong> Intera\u00e7\u00e3o, racioc\u00ednio l\u00f3gico, produ\u00e7\u00e3o de linguagens, conhecer e explorar diferentes dispositivos eletr\u00f4nicos.<\/p><p><strong>P\u00fablico Alvo:<\/strong> Alunos do Infantil, Fundamental I e II, Ensino M\u00e9dio e tamb\u00e9m para n\u00e3o alunos.<\/p>\t\t\t\t\t<\/div>\n\t\t\t\t\t\t<\/div>\n\t\t\t\t<\/div>\n\t\t\t\t\t\t<\/div>\n\t\t\t\t\t<\/div>\n\t\t<\/div>\n\t\t\t\t\t\t\t\t<\/div>\n\t\t\t\t\t<\/div>\n\t\t<\/section>\n\t\t\t\t\t\t<\/div>\n\t\t\t\t\t<\/div>\n\t\t<\/div>\n\t\t\t\t\t\t\t\t<\/div>\n\t\t\t\t\t<\/div>\n\t\t<\/section>\n\t\t\t\t\t\t<\/div>\n\t\t\t\t\t\t<\/div>\n\t\t\t\t\t<\/div>\n\t\t","protected":false},"excerpt":{"rendered":"<p>Proporciona momentos de integra\u00e7\u00e3o, troca de conhecimento, pensamento cr\u00edtico, pesquisa e a busca de solu\u00e7\u00f5es para os desafios da vida cotidiana. A proposta \u00e9 oferecer ao aluno momentos para explorar &#8230;<\/p>\n","protected":false},"author":1,"featured_media":0,"parent":0,"menu_order":0,"comment_status":"closed","ping_status":"closed","template":"","meta":[],"yoast_head":"<!-- This site is optimized with the Yoast SEO plugin v18.8 - https:\/\/yoast.com\/wordpress\/plugins\/seo\/ -->\n<title>Tecnologia e Comunica\u00e7\u00e3o - Col\u00e9gio Cet\u00e9s - Melhor Escola particular - Educa\u00e7\u00e3o Infantil, Fundamental e Ensino M\u00e9dio<\/title>\n<meta name=\"robots\" content=\"index, follow, max-snippet:-1, max-image-preview:large, max-video-preview:-1\" \/>\n<link rel=\"canonical\" href=\"https:\/\/www.cetes.com.br\/?page_id=73\" \/>\n<meta property=\"og:locale\" content=\"pt_BR\" \/>\n<meta property=\"og:type\" content=\"article\" \/>\n<meta property=\"og:title\" content=\"Tecnologia e Comunica\u00e7\u00e3o - Col\u00e9gio Cet\u00e9s - Melhor Escola particular - Educa\u00e7\u00e3o Infantil, Fundamental e Ensino M\u00e9dio\" \/>\n<meta property=\"og:description\" content=\"Proporciona momentos de integra\u00e7\u00e3o, troca de conhecimento, pensamento cr\u00edtico, pesquisa e a busca de solu\u00e7\u00f5es para os desafios da vida cotidiana. A proposta \u00e9 oferecer ao aluno momentos para explorar ...\" \/>\n<meta property=\"og:url\" content=\"https:\/\/www.cetes.com.br\/?page_id=73\" \/>\n<meta property=\"og:site_name\" content=\"Col\u00e9gio Cet\u00e9s - Melhor Escola particular - Educa\u00e7\u00e3o Infantil, Fundamental e Ensino M\u00e9dio\" \/>\n<meta property=\"article:publisher\" content=\"https:\/\/www.facebook.com\/ColegioCetes\/\" \/>\n<meta property=\"article:modified_time\" content=\"2020-02-28T21:23:41+00:00\" \/>\n<meta property=\"og:image\" content=\"https:\/\/www.cetes.com.br\/wp-content\/uploads\/2020\/02\/2-2-1-1024x576.jpg\" \/>\n<meta name=\"twitter:card\" content=\"summary_large_image\" \/>\n<meta name=\"twitter:label1\" content=\"Est. tempo de leitura\" \/>\n\t<meta name=\"twitter:data1\" content=\"1 minuto\" \/>\n<script type=\"application\/ld+json\" class=\"yoast-schema-graph\">{\"@context\":\"https:\/\/schema.org\",\"@graph\":[{\"@type\":\"Organization\",\"@id\":\"https:\/\/www.cetes.com.br\/#organization\",\"name\":\"Col\u00e9gio Cet\u00e9s\",\"url\":\"https:\/\/www.cetes.com.br\/\",\"sameAs\":[\"https:\/\/www.facebook.com\/ColegioCetes\/\",\"https:\/\/www.instagram.com\/colegiocetes\/\",\"https:\/\/www.youtube.com\/ColegioCetes\"],\"logo\":{\"@type\":\"ImageObject\",\"inLanguage\":\"pt-BR\",\"@id\":\"https:\/\/www.cetes.com.br\/#\/schema\/logo\/image\/\",\"url\":\"https:\/\/www.cetes.com.br\/wp-content\/uploads\/2020\/01\/Logo-500px.png\",\"contentUrl\":\"https:\/\/www.cetes.com.br\/wp-content\/uploads\/2020\/01\/Logo-500px.png\",\"width\":500,\"height\":205,\"caption\":\"Col\u00e9gio Cet\u00e9s\"},\"image\":{\"@id\":\"https:\/\/www.cetes.com.br\/#\/schema\/logo\/image\/\"}},{\"@type\":\"WebSite\",\"@id\":\"https:\/\/www.cetes.com.br\/#website\",\"url\":\"https:\/\/www.cetes.com.br\/\",\"name\":\"Col\u00e9gio Cet\u00e9s - Melhor Escola particular - Educa\u00e7\u00e3o Infantil, Fundamental e Ensino M\u00e9dio\",\"description\":\"Melhor escola particular de Suzano - Educa\u00e7\u00e3o Infantil, Fundamental e Ensino M\u00e9dio\",\"publisher\":{\"@id\":\"https:\/\/www.cetes.com.br\/#organization\"},\"potentialAction\":[{\"@type\":\"SearchAction\",\"target\":{\"@type\":\"EntryPoint\",\"urlTemplate\":\"https:\/\/www.cetes.com.br\/?s={search_term_string}\"},\"query-input\":\"required name=search_term_string\"}],\"inLanguage\":\"pt-BR\"},{\"@type\":\"ImageObject\",\"inLanguage\":\"pt-BR\",\"@id\":\"https:\/\/www.cetes.com.br\/?page_id=73#primaryimage\",\"url\":\"https:\/\/www.cetes.com.br\/wp-content\/uploads\/2020\/02\/2-2-1-1024x576.jpg\",\"contentUrl\":\"https:\/\/www.cetes.com.br\/wp-content\/uploads\/2020\/02\/2-2-1-1024x576.jpg\"},{\"@type\":\"WebPage\",\"@id\":\"https:\/\/www.cetes.com.br\/?page_id=73#webpage\",\"url\":\"https:\/\/www.cetes.com.br\/?page_id=73\",\"name\":\"Tecnologia e Comunica\u00e7\u00e3o - Col\u00e9gio Cet\u00e9s - Melhor Escola particular - Educa\u00e7\u00e3o Infantil, Fundamental e Ensino M\u00e9dio\",\"isPartOf\":{\"@id\":\"https:\/\/www.cetes.com.br\/#website\"},\"primaryImageOfPage\":{\"@id\":\"https:\/\/www.cetes.com.br\/?page_id=73#primaryimage\"},\"datePublished\":\"2020-01-16T14:41:59+00:00\",\"dateModified\":\"2020-02-28T21:23:41+00:00\",\"breadcrumb\":{\"@id\":\"https:\/\/www.cetes.com.br\/?page_id=73#breadcrumb\"},\"inLanguage\":\"pt-BR\",\"potentialAction\":[{\"@type\":\"ReadAction\",\"target\":[\"https:\/\/www.cetes.com.br\/?page_id=73\"]}]},{\"@type\":\"BreadcrumbList\",\"@id\":\"https:\/\/www.cetes.com.br\/?page_id=73#breadcrumb\",\"itemListElement\":[{\"@type\":\"ListItem\",\"position\":1,\"name\":\"In\u00edcio\",\"item\":\"https:\/\/www.cetes.com.br\/\"},{\"@type\":\"ListItem\",\"position\":2,\"name\":\"Tecnologia e Comunica\u00e7\u00e3o\"}]}]}<\/script>\n<!-- \/ Yoast SEO plugin. -->","yoast_head_json":{"title":"Tecnologia e Comunica\u00e7\u00e3o - Col\u00e9gio Cet\u00e9s - Melhor Escola particular - Educa\u00e7\u00e3o Infantil, Fundamental e Ensino M\u00e9dio","robots":{"index":"index","follow":"follow","max-snippet":"max-snippet:-1","max-image-preview":"max-image-preview:large","max-video-preview":"max-video-preview:-1"},"canonical":"https:\/\/www.cetes.com.br\/?page_id=73","og_locale":"pt_BR","og_type":"article","og_title":"Tecnologia e Comunica\u00e7\u00e3o - Col\u00e9gio Cet\u00e9s - Melhor Escola particular - Educa\u00e7\u00e3o Infantil, Fundamental e Ensino M\u00e9dio","og_description":"Proporciona momentos de integra\u00e7\u00e3o, troca de conhecimento, pensamento cr\u00edtico, pesquisa e a busca de solu\u00e7\u00f5es para os desafios da vida cotidiana. A proposta \u00e9 oferecer ao aluno momentos para explorar ...","og_url":"https:\/\/www.cetes.com.br\/?page_id=73","og_site_name":"Col\u00e9gio Cet\u00e9s - Melhor Escola particular - Educa\u00e7\u00e3o Infantil, Fundamental e Ensino M\u00e9dio","article_publisher":"https:\/\/www.facebook.com\/ColegioCetes\/","article_modified_time":"2020-02-28T21:23:41+00:00","og_image":[{"url":"https:\/\/www.cetes.com.br\/wp-content\/uploads\/2020\/02\/2-2-1-1024x576.jpg"}],"twitter_card":"summary_large_image","twitter_misc":{"Est. tempo de leitura":"1 minuto"},"schema":{"@context":"https:\/\/schema.org","@graph":[{"@type":"Organization","@id":"https:\/\/www.cetes.com.br\/#organization","name":"Col\u00e9gio Cet\u00e9s","url":"https:\/\/www.cetes.com.br\/","sameAs":["https:\/\/www.facebook.com\/ColegioCetes\/","https:\/\/www.instagram.com\/colegiocetes\/","https:\/\/www.youtube.com\/ColegioCetes"],"logo":{"@type":"ImageObject","inLanguage":"pt-BR","@id":"https:\/\/www.cetes.com.br\/#\/schema\/logo\/image\/","url":"https:\/\/www.cetes.com.br\/wp-content\/uploads\/2020\/01\/Logo-500px.png","contentUrl":"https:\/\/www.cetes.com.br\/wp-content\/uploads\/2020\/01\/Logo-500px.png","width":500,"height":205,"caption":"Col\u00e9gio Cet\u00e9s"},"image":{"@id":"https:\/\/www.cetes.com.br\/#\/schema\/logo\/image\/"}},{"@type":"WebSite","@id":"https:\/\/www.cetes.com.br\/#website","url":"https:\/\/www.cetes.com.br\/","name":"Col\u00e9gio Cet\u00e9s - Melhor Escola particular - Educa\u00e7\u00e3o Infantil, Fundamental e Ensino M\u00e9dio","description":"Melhor escola particular de Suzano - Educa\u00e7\u00e3o Infantil, Fundamental e Ensino M\u00e9dio","publisher":{"@id":"https:\/\/www.cetes.com.br\/#organization"},"potentialAction":[{"@type":"SearchAction","target":{"@type":"EntryPoint","urlTemplate":"https:\/\/www.cetes.com.br\/?s={search_term_string}"},"query-input":"required name=search_term_string"}],"inLanguage":"pt-BR"},{"@type":"ImageObject","inLanguage":"pt-BR","@id":"https:\/\/www.cetes.com.br\/?page_id=73#primaryimage","url":"https:\/\/www.cetes.com.br\/wp-content\/uploads\/2020\/02\/2-2-1-1024x576.jpg","contentUrl":"https:\/\/www.cetes.com.br\/wp-content\/uploads\/2020\/02\/2-2-1-1024x576.jpg"},{"@type":"WebPage","@id":"https:\/\/www.cetes.com.br\/?page_id=73#webpage","url":"https:\/\/www.cetes.com.br\/?page_id=73","name":"Tecnologia e Comunica\u00e7\u00e3o - Col\u00e9gio Cet\u00e9s - Melhor Escola particular - Educa\u00e7\u00e3o Infantil, Fundamental e Ensino M\u00e9dio","isPartOf":{"@id":"https:\/\/www.cetes.com.br\/#website"},"primaryImageOfPage":{"@id":"https:\/\/www.cetes.com.br\/?page_id=73#primaryimage"},"datePublished":"2020-01-16T14:41:59+00:00","dateModified":"2020-02-28T21:23:41+00:00","breadcrumb":{"@id":"https:\/\/www.cetes.com.br\/?page_id=73#breadcrumb"},"inLanguage":"pt-BR","potentialAction":[{"@type":"ReadAction","target":["https:\/\/www.cetes.com.br\/?page_id=73"]}]},{"@type":"BreadcrumbList","@id":"https:\/\/www.cetes.com.br\/?page_id=73#breadcrumb","itemListElement":[{"@type":"ListItem","position":1,"name":"In\u00edcio","item":"https:\/\/www.cetes.com.br\/"},{"@type":"ListItem","position":2,"name":"Tecnologia e Comunica\u00e7\u00e3o"}]}]}},"_links":{"self":[{"href":"https:\/\/www.cetes.com.br\/index.php?rest_route=\/wp\/v2\/pages\/73"}],"collection":[{"href":"https:\/\/www.cetes.com.br\/index.php?rest_route=\/wp\/v2\/pages"}],"about":[{"href":"https:\/\/www.cetes.com.br\/index.php?rest_route=\/wp\/v2\/types\/page"}],"author":[{"embeddable":true,"href":"https:\/\/www.cetes.com.br\/index.php?rest_route=\/wp\/v2\/users\/1"}],"replies":[{"embeddable":true,"href":"https:\/\/www.cetes.com.br\/index.php?rest_route=%2Fwp%2Fv2%2Fcomments&post=73"}],"version-history":[{"count":31,"href":"https:\/\/www.cetes.com.br\/index.php?rest_route=\/wp\/v2\/pages\/73\/revisions"}],"predecessor-version":[{"id":1345,"href":"https:\/\/www.cetes.com.br\/index.php?rest_route=\/wp\/v2\/pages\/73\/revisions\/1345"}],"wp:attachment":[{"href":"https:\/\/www.cetes.com.br\/index.php?rest_route=%2Fwp%2Fv2%2Fmedia&parent=73"}],"curies":[{"name":"wp","href":"https:\/\/api.w.org\/{rel}","templated":true}]}}