{"id":81,"date":"2020-01-16T14:43:15","date_gmt":"2020-01-16T14:43:15","guid":{"rendered":"https:\/\/www.cetes.com.br\/?page_id=81"},"modified":"2023-07-24T13:11:45","modified_gmt":"2023-07-24T13:11:45","slug":"teatro","status":"publish","type":"page","link":"https:\/\/www.cetes.com.br\/?page_id=81","title":{"rendered":"Artes"},"content":{"rendered":"\t\t<div data-elementor-type=\"wp-page\" data-elementor-id=\"81\" class=\"elementor elementor-81\" data-elementor-settings=\"[]\">\n\t\t\t\t\t\t<div class=\"elementor-inner\">\n\t\t\t\t\t\t\t<div class=\"elementor-section-wrap\">\n\t\t\t\t\t\t\t<section class=\"elementor-section elementor-top-section elementor-element elementor-element-bad8447 elementor-section-boxed elementor-section-height-default elementor-section-height-default\" data-id=\"bad8447\" data-element_type=\"section\">\n\t\t\t\t\t\t<div class=\"elementor-container elementor-column-gap-default\">\n\t\t\t\t\t\t\t<div class=\"elementor-row\">\n\t\t\t\t\t<div class=\"elementor-column elementor-col-100 elementor-top-column elementor-element elementor-element-f025c51\" data-id=\"f025c51\" data-element_type=\"column\">\n\t\t\t<div class=\"elementor-column-wrap elementor-element-populated\">\n\t\t\t\t\t\t\t<div class=\"elementor-widget-wrap\">\n\t\t\t\t\t\t<div class=\"elementor-element elementor-element-fcb7640 elementor-widget elementor-widget-text-editor\" data-id=\"fcb7640\" data-element_type=\"widget\" data-widget_type=\"text-editor.default\">\n\t\t\t\t<div class=\"elementor-widget-container\">\n\t\t\t\t\t\t\t\t<div class=\"elementor-text-editor elementor-clearfix\">\n\t\t\t\t<h3>As oficinas de artes abordam situa\u00e7\u00f5es em que o aluno possa exercitar sua criatividade e vivenciar diferentes situa\u00e7\u00f5es que estimulem a desinibi\u00e7\u00e3o e a socializa\u00e7\u00e3o. Incentivar o conv\u00edvio, a integra\u00e7\u00e3o e a autoestima. Dar sentido \u00e0 experi\u00eancia humana, \u00e0 sensibilidade, \u00e0 percep\u00e7\u00e3o e \u00e0 imagina\u00e7\u00e3o.<\/h3>\t\t\t\t\t<\/div>\n\t\t\t\t\t\t<\/div>\n\t\t\t\t<\/div>\n\t\t\t\t\t\t<\/div>\n\t\t\t\t\t<\/div>\n\t\t<\/div>\n\t\t\t\t\t\t\t\t<\/div>\n\t\t\t\t\t<\/div>\n\t\t<\/section>\n\t\t\t\t<section class=\"elementor-section elementor-top-section elementor-element elementor-element-6542566 elementor-section-boxed elementor-section-height-default elementor-section-height-default\" data-id=\"6542566\" data-element_type=\"section\">\n\t\t\t\t\t\t<div class=\"elementor-container elementor-column-gap-default\">\n\t\t\t\t\t\t\t<div class=\"elementor-row\">\n\t\t\t\t\t<div class=\"elementor-column elementor-col-100 elementor-top-column elementor-element elementor-element-8143b55\" data-id=\"8143b55\" data-element_type=\"column\">\n\t\t\t<div class=\"elementor-column-wrap elementor-element-populated\">\n\t\t\t\t\t\t\t<div class=\"elementor-widget-wrap\">\n\t\t\t\t\t\t<div class=\"elementor-element elementor-element-c576e96 elementor-widget elementor-widget-heading\" data-id=\"c576e96\" data-element_type=\"widget\" data-widget_type=\"heading.default\">\n\t\t\t\t<div class=\"elementor-widget-container\">\n\t\t\t<h3 class=\"elementor-heading-title elementor-size-default\">OFICINA DE DAN\u00c7A<\/h3>\t\t<\/div>\n\t\t\t\t<\/div>\n\t\t\t\t<section class=\"elementor-section elementor-inner-section elementor-element elementor-element-dedeea3 elementor-section-boxed elementor-section-height-default elementor-section-height-default\" data-id=\"dedeea3\" data-element_type=\"section\">\n\t\t\t\t\t\t<div class=\"elementor-container elementor-column-gap-default\">\n\t\t\t\t\t\t\t<div class=\"elementor-row\">\n\t\t\t\t\t<div class=\"elementor-column elementor-col-50 elementor-inner-column elementor-element elementor-element-f0562f0\" data-id=\"f0562f0\" data-element_type=\"column\">\n\t\t\t<div class=\"elementor-column-wrap elementor-element-populated\">\n\t\t\t\t\t\t\t<div class=\"elementor-widget-wrap\">\n\t\t\t\t\t\t<div class=\"elementor-element elementor-element-8404ae6 elementor-widget elementor-widget-image\" data-id=\"8404ae6\" data-element_type=\"widget\" data-widget_type=\"image.default\">\n\t\t\t\t<div class=\"elementor-widget-container\">\n\t\t\t\t\t\t\t\t<div class=\"elementor-image\">\n\t\t\t\t\t\t\t\t\t\t\t\t<img width=\"800\" height=\"533\" src=\"https:\/\/www.cetes.com.br\/wp-content\/uploads\/2020\/02\/1-1024x682.jpg\" class=\"attachment-large size-large\" alt=\"\" loading=\"lazy\" srcset=\"https:\/\/www.cetes.com.br\/wp-content\/uploads\/2020\/02\/1-1024x682.jpg 1024w, https:\/\/www.cetes.com.br\/wp-content\/uploads\/2020\/02\/1-300x200.jpg 300w, https:\/\/www.cetes.com.br\/wp-content\/uploads\/2020\/02\/1-768x511.jpg 768w, https:\/\/www.cetes.com.br\/wp-content\/uploads\/2020\/02\/1-1536x1023.jpg 1536w, https:\/\/www.cetes.com.br\/wp-content\/uploads\/2020\/02\/1-2048x1364.jpg 2048w\" sizes=\"(max-width: 800px) 100vw, 800px\" \/>\t\t\t\t\t\t\t\t\t\t\t\t\t\t<\/div>\n\t\t\t\t\t\t<\/div>\n\t\t\t\t<\/div>\n\t\t\t\t\t\t<\/div>\n\t\t\t\t\t<\/div>\n\t\t<\/div>\n\t\t\t\t<div class=\"elementor-column elementor-col-50 elementor-inner-column elementor-element elementor-element-f7aafa1\" data-id=\"f7aafa1\" data-element_type=\"column\">\n\t\t\t<div class=\"elementor-column-wrap elementor-element-populated\">\n\t\t\t\t\t\t\t<div class=\"elementor-widget-wrap\">\n\t\t\t\t\t\t<div class=\"elementor-element elementor-element-94d34fa elementor-widget elementor-widget-text-editor\" data-id=\"94d34fa\" data-element_type=\"widget\" data-widget_type=\"text-editor.default\">\n\t\t\t\t<div class=\"elementor-widget-container\">\n\t\t\t\t\t\t\t\t<div class=\"elementor-text-editor elementor-clearfix\">\n\t\t\t\t<h4><strong>Objetivo:<\/strong> proporcionar aos alunos o desenvolvimento de suas capacidades corporais e culturais, favorecer a integra\u00e7\u00e3o do corpo, mente e emo\u00e7\u00e3o por meio do contato com as express\u00f5es art\u00edsticas.<\/h4><h4><strong>Habilidades e Compet\u00eancias:<\/strong> conviver e trabalhar em equipe, respeitar \u00e0s diferen\u00e7as, melhorar a postura e a consci\u00eancia corporal, potencializar a aprendizagem, auxiliar a superar dificuldades de relacionamentos e problemas emocionais, incentivar o estilo de vida saud\u00e1vel e ampliar a musicalidade.<\/h4><h4><strong>P\u00fablico Alvo:<\/strong> Alunos do col\u00e9gio: infantil, fundamental, m\u00e9dio e t\u00e9cnico e tamb\u00e9m para n\u00e3o alunos.<\/h4>\t\t\t\t\t<\/div>\n\t\t\t\t\t\t<\/div>\n\t\t\t\t<\/div>\n\t\t\t\t\t\t<\/div>\n\t\t\t\t\t<\/div>\n\t\t<\/div>\n\t\t\t\t\t\t\t\t<\/div>\n\t\t\t\t\t<\/div>\n\t\t<\/section>\n\t\t\t\t<section class=\"elementor-section elementor-inner-section elementor-element elementor-element-6077afa elementor-section-boxed elementor-section-height-default elementor-section-height-default\" data-id=\"6077afa\" data-element_type=\"section\">\n\t\t\t\t\t\t<div class=\"elementor-container elementor-column-gap-default\">\n\t\t\t\t\t\t\t<div class=\"elementor-row\">\n\t\t\t\t\t<div class=\"elementor-column elementor-col-50 elementor-inner-column elementor-element elementor-element-d09a7cb\" data-id=\"d09a7cb\" data-element_type=\"column\">\n\t\t\t<div class=\"elementor-column-wrap\">\n\t\t\t\t\t\t\t<div class=\"elementor-widget-wrap\">\n\t\t\t\t\t\t\t\t<\/div>\n\t\t\t\t\t<\/div>\n\t\t<\/div>\n\t\t\t\t<div class=\"elementor-column elementor-col-50 elementor-inner-column elementor-element elementor-element-19c8137\" data-id=\"19c8137\" data-element_type=\"column\">\n\t\t\t<div class=\"elementor-column-wrap\">\n\t\t\t\t\t\t\t<div class=\"elementor-widget-wrap\">\n\t\t\t\t\t\t\t\t<\/div>\n\t\t\t\t\t<\/div>\n\t\t<\/div>\n\t\t\t\t\t\t\t\t<\/div>\n\t\t\t\t\t<\/div>\n\t\t<\/section>\n\t\t\t\t\t\t<\/div>\n\t\t\t\t\t<\/div>\n\t\t<\/div>\n\t\t\t\t\t\t\t\t<\/div>\n\t\t\t\t\t<\/div>\n\t\t<\/section>\n\t\t\t\t<section class=\"elementor-section elementor-top-section elementor-element elementor-element-7da7841 elementor-section-boxed elementor-section-height-default elementor-section-height-default\" data-id=\"7da7841\" data-element_type=\"section\">\n\t\t\t\t\t\t<div class=\"elementor-container elementor-column-gap-default\">\n\t\t\t\t\t\t\t<div class=\"elementor-row\">\n\t\t\t\t\t<div class=\"elementor-column elementor-col-100 elementor-top-column elementor-element elementor-element-44083c7\" data-id=\"44083c7\" data-element_type=\"column\">\n\t\t\t<div class=\"elementor-column-wrap elementor-element-populated\">\n\t\t\t\t\t\t\t<div class=\"elementor-widget-wrap\">\n\t\t\t\t\t\t<div class=\"elementor-element elementor-element-7e2c4c9 elementor-widget elementor-widget-heading\" data-id=\"7e2c4c9\" data-element_type=\"widget\" data-widget_type=\"heading.default\">\n\t\t\t\t<div class=\"elementor-widget-container\">\n\t\t\t<h3 class=\"elementor-heading-title elementor-size-default\">OFICINA DE TEATRO<\/h3>\t\t<\/div>\n\t\t\t\t<\/div>\n\t\t\t\t\t\t<\/div>\n\t\t\t\t\t<\/div>\n\t\t<\/div>\n\t\t\t\t\t\t\t\t<\/div>\n\t\t\t\t\t<\/div>\n\t\t<\/section>\n\t\t\t\t<section class=\"elementor-section elementor-top-section elementor-element elementor-element-b0cbb20 elementor-section-boxed elementor-section-height-default elementor-section-height-default\" data-id=\"b0cbb20\" data-element_type=\"section\">\n\t\t\t\t\t\t<div class=\"elementor-container elementor-column-gap-default\">\n\t\t\t\t\t\t\t<div class=\"elementor-row\">\n\t\t\t\t\t<div class=\"elementor-column elementor-col-50 elementor-top-column elementor-element elementor-element-b7dbfb4\" data-id=\"b7dbfb4\" data-element_type=\"column\">\n\t\t\t<div class=\"elementor-column-wrap elementor-element-populated\">\n\t\t\t\t\t\t\t<div class=\"elementor-widget-wrap\">\n\t\t\t\t\t\t<div class=\"elementor-element elementor-element-7e13545 elementor-widget elementor-widget-image\" data-id=\"7e13545\" data-element_type=\"widget\" data-widget_type=\"image.default\">\n\t\t\t\t<div class=\"elementor-widget-container\">\n\t\t\t\t\t\t\t\t<div class=\"elementor-image\">\n\t\t\t\t\t\t\t\t\t\t\t\t<img width=\"800\" height=\"450\" src=\"https:\/\/www.cetes.com.br\/wp-content\/uploads\/2020\/02\/4-1024x576.jpeg\" class=\"attachment-large size-large\" alt=\"\" loading=\"lazy\" srcset=\"https:\/\/www.cetes.com.br\/wp-content\/uploads\/2020\/02\/4-1024x576.jpeg 1024w, https:\/\/www.cetes.com.br\/wp-content\/uploads\/2020\/02\/4-300x169.jpeg 300w, https:\/\/www.cetes.com.br\/wp-content\/uploads\/2020\/02\/4-768x432.jpeg 768w, https:\/\/www.cetes.com.br\/wp-content\/uploads\/2020\/02\/4.jpeg 1032w\" sizes=\"(max-width: 800px) 100vw, 800px\" \/>\t\t\t\t\t\t\t\t\t\t\t\t\t\t<\/div>\n\t\t\t\t\t\t<\/div>\n\t\t\t\t<\/div>\n\t\t\t\t\t\t<\/div>\n\t\t\t\t\t<\/div>\n\t\t<\/div>\n\t\t\t\t<div class=\"elementor-column elementor-col-50 elementor-top-column elementor-element elementor-element-037f842\" data-id=\"037f842\" data-element_type=\"column\">\n\t\t\t<div class=\"elementor-column-wrap elementor-element-populated\">\n\t\t\t\t\t\t\t<div class=\"elementor-widget-wrap\">\n\t\t\t\t\t\t<div class=\"elementor-element elementor-element-bc7424f elementor-widget elementor-widget-text-editor\" data-id=\"bc7424f\" data-element_type=\"widget\" data-widget_type=\"text-editor.default\">\n\t\t\t\t<div class=\"elementor-widget-container\">\n\t\t\t\t\t\t\t\t<div class=\"elementor-text-editor elementor-clearfix\">\n\t\t\t\t<h4><strong>Objetivo:<\/strong> Incentivar e estimular a forma\u00e7\u00e3o de um grupo de teatro e tamb\u00e9m proporcionar a pr\u00e1tica teatral como exerc\u00edcio de desinibi\u00e7\u00e3o e socializa\u00e7\u00e3o.<\/h4><h4><strong>Habilidades e Compet\u00eancias:<\/strong> Ampliar conhecimento corporal e vocal, desenvolver esp\u00edrito de coletividade, expor ideias em grupo, cantar, dan\u00e7ar, express\u00e3o corporal, postural.<\/h4><h4><strong>P\u00fablico Alvo:<\/strong> Alunos do col\u00e9gio: infantil, fundamental, m\u00e9dio e t\u00e9cnico e tamb\u00e9m para n\u00e3o alunos.<\/h4><h4><strong>\u00a0<\/strong><\/h4>\t\t\t\t\t<\/div>\n\t\t\t\t\t\t<\/div>\n\t\t\t\t<\/div>\n\t\t\t\t\t\t<\/div>\n\t\t\t\t\t<\/div>\n\t\t<\/div>\n\t\t\t\t\t\t\t\t<\/div>\n\t\t\t\t\t<\/div>\n\t\t<\/section>\n\t\t\t\t\t\t<\/div>\n\t\t\t\t\t\t<\/div>\n\t\t\t\t\t<\/div>\n\t\t","protected":false},"excerpt":{"rendered":"<p>Col\u00e9gio Cet\u00e9s<\/p>\n<p>Escola Particular<\/p>\n<p>Suzano e regi\u00e3o<\/p>\n<p>Melhor Escola<\/p>\n<p>Educa\u00e7\u00e3o Infantil<\/p>\n<p>Ensino Fundamental<\/p>\n<p>Ensino M\u00e9dio<\/p>\n","protected":false},"author":1,"featured_media":0,"parent":0,"menu_order":0,"comment_status":"closed","ping_status":"closed","template":"","meta":[],"yoast_head":"<!-- This site is optimized with the Yoast SEO plugin v18.8 - https:\/\/yoast.com\/wordpress\/plugins\/seo\/ -->\n<title>Artes - Col\u00e9gio Cet\u00e9s, da Educa\u00e7\u00e3o Infantil ao Ensino M\u00e9dio<\/title>\n<meta name=\"description\" content=\"Sintonia entre corpo e a mente atrav\u00e9s das express\u00f5es corporais e culturais, potencializando a comunica\u00e7\u00e3o, o autoconhecimento e a autoestima\" \/>\n<meta name=\"robots\" content=\"index, follow, max-snippet:-1, max-image-preview:large, max-video-preview:-1\" \/>\n<link rel=\"canonical\" href=\"https:\/\/www.cetes.com.br\/?page_id=81\" \/>\n<meta property=\"og:locale\" content=\"pt_BR\" \/>\n<meta property=\"og:type\" content=\"article\" \/>\n<meta property=\"og:title\" content=\"Artes - Col\u00e9gio Cet\u00e9s, da Educa\u00e7\u00e3o Infantil ao Ensino M\u00e9dio\" \/>\n<meta property=\"og:description\" content=\"Sintonia entre corpo e a mente atrav\u00e9s das express\u00f5es corporais e culturais, potencializando a comunica\u00e7\u00e3o, o autoconhecimento e a autoestima\" \/>\n<meta property=\"og:url\" content=\"https:\/\/www.cetes.com.br\/?page_id=81\" \/>\n<meta property=\"og:site_name\" content=\"Col\u00e9gio Cet\u00e9s - Melhor Escola particular - Educa\u00e7\u00e3o Infantil, Fundamental e Ensino M\u00e9dio\" \/>\n<meta property=\"article:publisher\" content=\"https:\/\/www.facebook.com\/ColegioCetes\/\" \/>\n<meta property=\"article:modified_time\" content=\"2023-07-24T13:11:45+00:00\" \/>\n<meta property=\"og:image\" content=\"https:\/\/www.cetes.com.br\/wp-content\/uploads\/2020\/02\/1-1024x682.jpg\" \/>\n<meta name=\"twitter:card\" content=\"summary_large_image\" \/>\n<meta name=\"twitter:label1\" content=\"Est. tempo de leitura\" \/>\n\t<meta name=\"twitter:data1\" content=\"2 minutos\" \/>\n<script type=\"application\/ld+json\" class=\"yoast-schema-graph\">{\"@context\":\"https:\/\/schema.org\",\"@graph\":[{\"@type\":\"Organization\",\"@id\":\"https:\/\/www.cetes.com.br\/#organization\",\"name\":\"Col\u00e9gio Cet\u00e9s\",\"url\":\"https:\/\/www.cetes.com.br\/\",\"sameAs\":[\"https:\/\/www.facebook.com\/ColegioCetes\/\",\"https:\/\/www.instagram.com\/colegiocetes\/\",\"https:\/\/www.youtube.com\/ColegioCetes\"],\"logo\":{\"@type\":\"ImageObject\",\"inLanguage\":\"pt-BR\",\"@id\":\"https:\/\/www.cetes.com.br\/#\/schema\/logo\/image\/\",\"url\":\"https:\/\/www.cetes.com.br\/wp-content\/uploads\/2020\/01\/Logo-500px.png\",\"contentUrl\":\"https:\/\/www.cetes.com.br\/wp-content\/uploads\/2020\/01\/Logo-500px.png\",\"width\":500,\"height\":205,\"caption\":\"Col\u00e9gio Cet\u00e9s\"},\"image\":{\"@id\":\"https:\/\/www.cetes.com.br\/#\/schema\/logo\/image\/\"}},{\"@type\":\"WebSite\",\"@id\":\"https:\/\/www.cetes.com.br\/#website\",\"url\":\"https:\/\/www.cetes.com.br\/\",\"name\":\"Col\u00e9gio Cet\u00e9s - Melhor Escola particular - Educa\u00e7\u00e3o Infantil, Fundamental e Ensino M\u00e9dio\",\"description\":\"Melhor escola particular de Suzano - Educa\u00e7\u00e3o Infantil, Fundamental e Ensino M\u00e9dio\",\"publisher\":{\"@id\":\"https:\/\/www.cetes.com.br\/#organization\"},\"potentialAction\":[{\"@type\":\"SearchAction\",\"target\":{\"@type\":\"EntryPoint\",\"urlTemplate\":\"https:\/\/www.cetes.com.br\/?s={search_term_string}\"},\"query-input\":\"required name=search_term_string\"}],\"inLanguage\":\"pt-BR\"},{\"@type\":\"ImageObject\",\"inLanguage\":\"pt-BR\",\"@id\":\"https:\/\/www.cetes.com.br\/?page_id=81#primaryimage\",\"url\":\"https:\/\/www.cetes.com.br\/wp-content\/uploads\/2020\/02\/1-1024x682.jpg\",\"contentUrl\":\"https:\/\/www.cetes.com.br\/wp-content\/uploads\/2020\/02\/1-1024x682.jpg\"},{\"@type\":\"WebPage\",\"@id\":\"https:\/\/www.cetes.com.br\/?page_id=81#webpage\",\"url\":\"https:\/\/www.cetes.com.br\/?page_id=81\",\"name\":\"Artes - Col\u00e9gio Cet\u00e9s, da Educa\u00e7\u00e3o Infantil ao Ensino M\u00e9dio\",\"isPartOf\":{\"@id\":\"https:\/\/www.cetes.com.br\/#website\"},\"primaryImageOfPage\":{\"@id\":\"https:\/\/www.cetes.com.br\/?page_id=81#primaryimage\"},\"datePublished\":\"2020-01-16T14:43:15+00:00\",\"dateModified\":\"2023-07-24T13:11:45+00:00\",\"description\":\"Sintonia entre corpo e a mente atrav\u00e9s das express\u00f5es corporais e culturais, potencializando a comunica\u00e7\u00e3o, o autoconhecimento e a autoestima\",\"breadcrumb\":{\"@id\":\"https:\/\/www.cetes.com.br\/?page_id=81#breadcrumb\"},\"inLanguage\":\"pt-BR\",\"potentialAction\":[{\"@type\":\"ReadAction\",\"target\":[\"https:\/\/www.cetes.com.br\/?page_id=81\"]}]},{\"@type\":\"BreadcrumbList\",\"@id\":\"https:\/\/www.cetes.com.br\/?page_id=81#breadcrumb\",\"itemListElement\":[{\"@type\":\"ListItem\",\"position\":1,\"name\":\"In\u00edcio\",\"item\":\"https:\/\/www.cetes.com.br\/\"},{\"@type\":\"ListItem\",\"position\":2,\"name\":\"Artes\"}]}]}<\/script>\n<!-- \/ Yoast SEO plugin. -->","yoast_head_json":{"title":"Artes - Col\u00e9gio Cet\u00e9s, da Educa\u00e7\u00e3o Infantil ao Ensino M\u00e9dio","description":"Sintonia entre corpo e a mente atrav\u00e9s das express\u00f5es corporais e culturais, potencializando a comunica\u00e7\u00e3o, o autoconhecimento e a autoestima","robots":{"index":"index","follow":"follow","max-snippet":"max-snippet:-1","max-image-preview":"max-image-preview:large","max-video-preview":"max-video-preview:-1"},"canonical":"https:\/\/www.cetes.com.br\/?page_id=81","og_locale":"pt_BR","og_type":"article","og_title":"Artes - Col\u00e9gio Cet\u00e9s, da Educa\u00e7\u00e3o Infantil ao Ensino M\u00e9dio","og_description":"Sintonia entre corpo e a mente atrav\u00e9s das express\u00f5es corporais e culturais, potencializando a comunica\u00e7\u00e3o, o autoconhecimento e a autoestima","og_url":"https:\/\/www.cetes.com.br\/?page_id=81","og_site_name":"Col\u00e9gio Cet\u00e9s - Melhor Escola particular - Educa\u00e7\u00e3o Infantil, Fundamental e Ensino M\u00e9dio","article_publisher":"https:\/\/www.facebook.com\/ColegioCetes\/","article_modified_time":"2023-07-24T13:11:45+00:00","og_image":[{"url":"https:\/\/www.cetes.com.br\/wp-content\/uploads\/2020\/02\/1-1024x682.jpg"}],"twitter_card":"summary_large_image","twitter_misc":{"Est. tempo de leitura":"2 minutos"},"schema":{"@context":"https:\/\/schema.org","@graph":[{"@type":"Organization","@id":"https:\/\/www.cetes.com.br\/#organization","name":"Col\u00e9gio Cet\u00e9s","url":"https:\/\/www.cetes.com.br\/","sameAs":["https:\/\/www.facebook.com\/ColegioCetes\/","https:\/\/www.instagram.com\/colegiocetes\/","https:\/\/www.youtube.com\/ColegioCetes"],"logo":{"@type":"ImageObject","inLanguage":"pt-BR","@id":"https:\/\/www.cetes.com.br\/#\/schema\/logo\/image\/","url":"https:\/\/www.cetes.com.br\/wp-content\/uploads\/2020\/01\/Logo-500px.png","contentUrl":"https:\/\/www.cetes.com.br\/wp-content\/uploads\/2020\/01\/Logo-500px.png","width":500,"height":205,"caption":"Col\u00e9gio Cet\u00e9s"},"image":{"@id":"https:\/\/www.cetes.com.br\/#\/schema\/logo\/image\/"}},{"@type":"WebSite","@id":"https:\/\/www.cetes.com.br\/#website","url":"https:\/\/www.cetes.com.br\/","name":"Col\u00e9gio Cet\u00e9s - Melhor Escola particular - Educa\u00e7\u00e3o Infantil, Fundamental e Ensino M\u00e9dio","description":"Melhor escola particular de Suzano - Educa\u00e7\u00e3o Infantil, Fundamental e Ensino M\u00e9dio","publisher":{"@id":"https:\/\/www.cetes.com.br\/#organization"},"potentialAction":[{"@type":"SearchAction","target":{"@type":"EntryPoint","urlTemplate":"https:\/\/www.cetes.com.br\/?s={search_term_string}"},"query-input":"required name=search_term_string"}],"inLanguage":"pt-BR"},{"@type":"ImageObject","inLanguage":"pt-BR","@id":"https:\/\/www.cetes.com.br\/?page_id=81#primaryimage","url":"https:\/\/www.cetes.com.br\/wp-content\/uploads\/2020\/02\/1-1024x682.jpg","contentUrl":"https:\/\/www.cetes.com.br\/wp-content\/uploads\/2020\/02\/1-1024x682.jpg"},{"@type":"WebPage","@id":"https:\/\/www.cetes.com.br\/?page_id=81#webpage","url":"https:\/\/www.cetes.com.br\/?page_id=81","name":"Artes - Col\u00e9gio Cet\u00e9s, da Educa\u00e7\u00e3o Infantil ao Ensino M\u00e9dio","isPartOf":{"@id":"https:\/\/www.cetes.com.br\/#website"},"primaryImageOfPage":{"@id":"https:\/\/www.cetes.com.br\/?page_id=81#primaryimage"},"datePublished":"2020-01-16T14:43:15+00:00","dateModified":"2023-07-24T13:11:45+00:00","description":"Sintonia entre corpo e a mente atrav\u00e9s das express\u00f5es corporais e culturais, potencializando a comunica\u00e7\u00e3o, o autoconhecimento e a autoestima","breadcrumb":{"@id":"https:\/\/www.cetes.com.br\/?page_id=81#breadcrumb"},"inLanguage":"pt-BR","potentialAction":[{"@type":"ReadAction","target":["https:\/\/www.cetes.com.br\/?page_id=81"]}]},{"@type":"BreadcrumbList","@id":"https:\/\/www.cetes.com.br\/?page_id=81#breadcrumb","itemListElement":[{"@type":"ListItem","position":1,"name":"In\u00edcio","item":"https:\/\/www.cetes.com.br\/"},{"@type":"ListItem","position":2,"name":"Artes"}]}]}},"_links":{"self":[{"href":"https:\/\/www.cetes.com.br\/index.php?rest_route=\/wp\/v2\/pages\/81"}],"collection":[{"href":"https:\/\/www.cetes.com.br\/index.php?rest_route=\/wp\/v2\/pages"}],"about":[{"href":"https:\/\/www.cetes.com.br\/index.php?rest_route=\/wp\/v2\/types\/page"}],"author":[{"embeddable":true,"href":"https:\/\/www.cetes.com.br\/index.php?rest_route=\/wp\/v2\/users\/1"}],"replies":[{"embeddable":true,"href":"https:\/\/www.cetes.com.br\/index.php?rest_route=%2Fwp%2Fv2%2Fcomments&post=81"}],"version-history":[{"count":28,"href":"https:\/\/www.cetes.com.br\/index.php?rest_route=\/wp\/v2\/pages\/81\/revisions"}],"predecessor-version":[{"id":7775,"href":"https:\/\/www.cetes.com.br\/index.php?rest_route=\/wp\/v2\/pages\/81\/revisions\/7775"}],"wp:attachment":[{"href":"https:\/\/www.cetes.com.br\/index.php?rest_route=%2Fwp%2Fv2%2Fmedia&parent=81"}],"curies":[{"name":"wp","href":"https:\/\/api.w.org\/{rel}","templated":true}]}}