{"id":83,"date":"2020-01-16T14:44:42","date_gmt":"2020-01-16T14:44:42","guid":{"rendered":"https:\/\/www.cetes.com.br\/?page_id=83"},"modified":"2020-02-28T21:20:14","modified_gmt":"2020-02-28T21:20:14","slug":"espanhol","status":"publish","type":"page","link":"https:\/\/www.cetes.com.br\/?page_id=83","title":{"rendered":"L\u00ednguas"},"content":{"rendered":"\t\t<div data-elementor-type=\"wp-page\" data-elementor-id=\"83\" class=\"elementor elementor-83\" data-elementor-settings=\"[]\">\n\t\t\t\t\t\t<div class=\"elementor-inner\">\n\t\t\t\t\t\t\t<div class=\"elementor-section-wrap\">\n\t\t\t\t\t\t\t<section class=\"elementor-section elementor-top-section elementor-element elementor-element-08b6e0a elementor-section-boxed elementor-section-height-default elementor-section-height-default\" data-id=\"08b6e0a\" data-element_type=\"section\">\n\t\t\t\t\t\t<div class=\"elementor-container elementor-column-gap-default\">\n\t\t\t\t\t\t\t<div class=\"elementor-row\">\n\t\t\t\t\t<div class=\"elementor-column elementor-col-100 elementor-top-column elementor-element elementor-element-c68e977\" data-id=\"c68e977\" data-element_type=\"column\">\n\t\t\t<div class=\"elementor-column-wrap elementor-element-populated\">\n\t\t\t\t\t\t\t<div class=\"elementor-widget-wrap\">\n\t\t\t\t\t\t<div class=\"elementor-element elementor-element-ee5b064 elementor-widget elementor-widget-text-editor\" data-id=\"ee5b064\" data-element_type=\"widget\" data-widget_type=\"text-editor.default\">\n\t\t\t\t<div class=\"elementor-widget-container\">\n\t\t\t\t\t\t\t\t<div class=\"elementor-text-editor elementor-clearfix\">\n\t\t\t\t<p>A capacidade de se comunicar em uma segunda l\u00edngua, torna-se primordial \npara uma atua\u00e7\u00e3o mais ativa na sociedade. Com a amplia\u00e7\u00e3o das redes de \ncomunica\u00e7\u00e3o e a globaliza\u00e7\u00e3o que unem as pessoas ao redor do mundo, \u00e9&nbsp; \nnecess\u00e1rio o dom\u00ednio lingu\u00edstico de outro idioma.<\/p><p>A import\u00e2ncia da aprendizagem representa n\u00e3o apenas a possibilidade de \nobter flu\u00eancia em outra l\u00edngua, mas favorece significativamente a \naquisi\u00e7\u00e3o de compet\u00eancias interculturais e permite estabelecer v\u00ednculos \ncom pessoas de diferentes pa\u00edses.<\/p>\t\t\t\t\t<\/div>\n\t\t\t\t\t\t<\/div>\n\t\t\t\t<\/div>\n\t\t\t\t\t\t<\/div>\n\t\t\t\t\t<\/div>\n\t\t<\/div>\n\t\t\t\t\t\t\t\t<\/div>\n\t\t\t\t\t<\/div>\n\t\t<\/section>\n\t\t\t\t<section class=\"elementor-section elementor-top-section elementor-element elementor-element-b9a0d53 elementor-section-boxed elementor-section-height-default elementor-section-height-default\" data-id=\"b9a0d53\" data-element_type=\"section\">\n\t\t\t\t\t\t<div class=\"elementor-container elementor-column-gap-default\">\n\t\t\t\t\t\t\t<div class=\"elementor-row\">\n\t\t\t\t\t<div class=\"elementor-column elementor-col-100 elementor-top-column elementor-element elementor-element-2f68f3c\" data-id=\"2f68f3c\" data-element_type=\"column\">\n\t\t\t<div class=\"elementor-column-wrap elementor-element-populated\">\n\t\t\t\t\t\t\t<div class=\"elementor-widget-wrap\">\n\t\t\t\t\t\t<div class=\"elementor-element elementor-element-9dde878 elementor-widget elementor-widget-heading\" data-id=\"9dde878\" data-element_type=\"widget\" data-widget_type=\"heading.default\">\n\t\t\t\t<div class=\"elementor-widget-container\">\n\t\t\t<h3 class=\"elementor-heading-title elementor-size-default\"><strong>OFICINA DE ESPANHOL<\/strong><\/h3>\t\t<\/div>\n\t\t\t\t<\/div>\n\t\t\t\t<section class=\"elementor-section elementor-inner-section elementor-element elementor-element-7f871cb elementor-section-boxed elementor-section-height-default elementor-section-height-default\" data-id=\"7f871cb\" data-element_type=\"section\">\n\t\t\t\t\t\t<div class=\"elementor-container elementor-column-gap-default\">\n\t\t\t\t\t\t\t<div class=\"elementor-row\">\n\t\t\t\t\t<div class=\"elementor-column elementor-col-50 elementor-inner-column elementor-element elementor-element-6e722ae\" data-id=\"6e722ae\" data-element_type=\"column\">\n\t\t\t<div class=\"elementor-column-wrap elementor-element-populated\">\n\t\t\t\t\t\t\t<div class=\"elementor-widget-wrap\">\n\t\t\t\t\t\t<div class=\"elementor-element elementor-element-a2f0596 elementor-widget elementor-widget-image\" data-id=\"a2f0596\" data-element_type=\"widget\" data-widget_type=\"image.default\">\n\t\t\t\t<div class=\"elementor-widget-container\">\n\t\t\t\t\t\t\t\t<div class=\"elementor-image\">\n\t\t\t\t\t\t\t\t\t\t\t\t<img width=\"800\" height=\"711\" src=\"https:\/\/www.cetes.com.br\/wp-content\/uploads\/2020\/02\/WhatsApp-Image-2018-09-11-at-09.28.35-1.jpeg\" class=\"attachment-large size-large\" alt=\"\" loading=\"lazy\" srcset=\"https:\/\/www.cetes.com.br\/wp-content\/uploads\/2020\/02\/WhatsApp-Image-2018-09-11-at-09.28.35-1.jpeg 955w, https:\/\/www.cetes.com.br\/wp-content\/uploads\/2020\/02\/WhatsApp-Image-2018-09-11-at-09.28.35-1-300x267.jpeg 300w, https:\/\/www.cetes.com.br\/wp-content\/uploads\/2020\/02\/WhatsApp-Image-2018-09-11-at-09.28.35-1-768x683.jpeg 768w\" sizes=\"(max-width: 800px) 100vw, 800px\" \/>\t\t\t\t\t\t\t\t\t\t\t\t\t\t<\/div>\n\t\t\t\t\t\t<\/div>\n\t\t\t\t<\/div>\n\t\t\t\t\t\t<\/div>\n\t\t\t\t\t<\/div>\n\t\t<\/div>\n\t\t\t\t<div class=\"elementor-column elementor-col-50 elementor-inner-column elementor-element elementor-element-9a8e0d4\" data-id=\"9a8e0d4\" data-element_type=\"column\">\n\t\t\t<div class=\"elementor-column-wrap elementor-element-populated\">\n\t\t\t\t\t\t\t<div class=\"elementor-widget-wrap\">\n\t\t\t\t\t\t<div class=\"elementor-element elementor-element-9b0f053 elementor-widget elementor-widget-text-editor\" data-id=\"9b0f053\" data-element_type=\"widget\" data-widget_type=\"text-editor.default\">\n\t\t\t\t<div class=\"elementor-widget-container\">\n\t\t\t\t\t\t\t\t<div class=\"elementor-text-editor elementor-clearfix\">\n\t\t\t\t<p><strong>Objetivo: <\/strong>dominar o espanhol abre um vasto leque de oportunidades culturais e profissionais, melhora o desenvolvimento cognitivo do aluno e\u00a0 favorece o interc\u00e2mbio.<\/p><p><strong>P\u00fablico Alvo:<\/strong>\u00a0Alunos do Fundamental II e Ensino M\u00e9dio.<\/p>\t\t\t\t\t<\/div>\n\t\t\t\t\t\t<\/div>\n\t\t\t\t<\/div>\n\t\t\t\t\t\t<\/div>\n\t\t\t\t\t<\/div>\n\t\t<\/div>\n\t\t\t\t\t\t\t\t<\/div>\n\t\t\t\t\t<\/div>\n\t\t<\/section>\n\t\t\t\t\t\t<\/div>\n\t\t\t\t\t<\/div>\n\t\t<\/div>\n\t\t\t\t\t\t\t\t<\/div>\n\t\t\t\t\t<\/div>\n\t\t<\/section>\n\t\t\t\t\t\t<\/div>\n\t\t\t\t\t\t<\/div>\n\t\t\t\t\t<\/div>\n\t\t","protected":false},"excerpt":{"rendered":"<p>A capacidade de se comunicar em uma segunda l\u00edngua, torna-se primordial para uma atua\u00e7\u00e3o mais ativa na sociedade. Com a amplia\u00e7\u00e3o das redes de comunica\u00e7\u00e3o e a globaliza\u00e7\u00e3o que unem &#8230;<\/p>\n","protected":false},"author":1,"featured_media":0,"parent":0,"menu_order":0,"comment_status":"closed","ping_status":"closed","template":"","meta":[],"yoast_head":"<!-- This site is optimized with the Yoast SEO plugin v18.8 - https:\/\/yoast.com\/wordpress\/plugins\/seo\/ -->\n<title>L\u00ednguas - Col\u00e9gio Cet\u00e9s - Melhor Escola particular - Educa\u00e7\u00e3o Infantil, Fundamental e Ensino M\u00e9dio<\/title>\n<meta name=\"robots\" content=\"index, follow, max-snippet:-1, max-image-preview:large, max-video-preview:-1\" \/>\n<link rel=\"canonical\" href=\"https:\/\/www.cetes.com.br\/?page_id=83\" \/>\n<meta property=\"og:locale\" content=\"pt_BR\" \/>\n<meta property=\"og:type\" content=\"article\" \/>\n<meta property=\"og:title\" content=\"L\u00ednguas - Col\u00e9gio Cet\u00e9s - Melhor Escola particular - Educa\u00e7\u00e3o Infantil, Fundamental e Ensino M\u00e9dio\" \/>\n<meta property=\"og:description\" content=\"A capacidade de se comunicar em uma segunda l\u00edngua, torna-se primordial para uma atua\u00e7\u00e3o mais ativa na sociedade. Com a amplia\u00e7\u00e3o das redes de comunica\u00e7\u00e3o e a globaliza\u00e7\u00e3o que unem ...\" \/>\n<meta property=\"og:url\" content=\"https:\/\/www.cetes.com.br\/?page_id=83\" \/>\n<meta property=\"og:site_name\" content=\"Col\u00e9gio Cet\u00e9s - Melhor Escola particular - Educa\u00e7\u00e3o Infantil, Fundamental e Ensino M\u00e9dio\" \/>\n<meta property=\"article:publisher\" content=\"https:\/\/www.facebook.com\/ColegioCetes\/\" \/>\n<meta property=\"article:modified_time\" content=\"2020-02-28T21:20:14+00:00\" \/>\n<meta property=\"og:image\" content=\"https:\/\/www.cetes.com.br\/wp-content\/uploads\/2020\/02\/WhatsApp-Image-2018-09-11-at-09.28.35-1.jpeg\" \/>\n<meta name=\"twitter:card\" content=\"summary_large_image\" \/>\n<meta name=\"twitter:label1\" content=\"Est. tempo de leitura\" \/>\n\t<meta name=\"twitter:data1\" content=\"1 minuto\" \/>\n<script type=\"application\/ld+json\" class=\"yoast-schema-graph\">{\"@context\":\"https:\/\/schema.org\",\"@graph\":[{\"@type\":\"Organization\",\"@id\":\"https:\/\/www.cetes.com.br\/#organization\",\"name\":\"Col\u00e9gio Cet\u00e9s\",\"url\":\"https:\/\/www.cetes.com.br\/\",\"sameAs\":[\"https:\/\/www.facebook.com\/ColegioCetes\/\",\"https:\/\/www.instagram.com\/colegiocetes\/\",\"https:\/\/www.youtube.com\/ColegioCetes\"],\"logo\":{\"@type\":\"ImageObject\",\"inLanguage\":\"pt-BR\",\"@id\":\"https:\/\/www.cetes.com.br\/#\/schema\/logo\/image\/\",\"url\":\"https:\/\/www.cetes.com.br\/wp-content\/uploads\/2020\/01\/Logo-500px.png\",\"contentUrl\":\"https:\/\/www.cetes.com.br\/wp-content\/uploads\/2020\/01\/Logo-500px.png\",\"width\":500,\"height\":205,\"caption\":\"Col\u00e9gio Cet\u00e9s\"},\"image\":{\"@id\":\"https:\/\/www.cetes.com.br\/#\/schema\/logo\/image\/\"}},{\"@type\":\"WebSite\",\"@id\":\"https:\/\/www.cetes.com.br\/#website\",\"url\":\"https:\/\/www.cetes.com.br\/\",\"name\":\"Col\u00e9gio Cet\u00e9s - Melhor Escola particular - Educa\u00e7\u00e3o Infantil, Fundamental e Ensino M\u00e9dio\",\"description\":\"Melhor escola particular de Suzano - Educa\u00e7\u00e3o Infantil, Fundamental e Ensino M\u00e9dio\",\"publisher\":{\"@id\":\"https:\/\/www.cetes.com.br\/#organization\"},\"potentialAction\":[{\"@type\":\"SearchAction\",\"target\":{\"@type\":\"EntryPoint\",\"urlTemplate\":\"https:\/\/www.cetes.com.br\/?s={search_term_string}\"},\"query-input\":\"required name=search_term_string\"}],\"inLanguage\":\"pt-BR\"},{\"@type\":\"ImageObject\",\"inLanguage\":\"pt-BR\",\"@id\":\"https:\/\/www.cetes.com.br\/?page_id=83#primaryimage\",\"url\":\"https:\/\/www.cetes.com.br\/wp-content\/uploads\/2020\/02\/WhatsApp-Image-2018-09-11-at-09.28.35-1.jpeg\",\"contentUrl\":\"https:\/\/www.cetes.com.br\/wp-content\/uploads\/2020\/02\/WhatsApp-Image-2018-09-11-at-09.28.35-1.jpeg\",\"width\":955,\"height\":849},{\"@type\":\"WebPage\",\"@id\":\"https:\/\/www.cetes.com.br\/?page_id=83#webpage\",\"url\":\"https:\/\/www.cetes.com.br\/?page_id=83\",\"name\":\"L\u00ednguas - Col\u00e9gio Cet\u00e9s - Melhor Escola particular - Educa\u00e7\u00e3o Infantil, Fundamental e Ensino M\u00e9dio\",\"isPartOf\":{\"@id\":\"https:\/\/www.cetes.com.br\/#website\"},\"primaryImageOfPage\":{\"@id\":\"https:\/\/www.cetes.com.br\/?page_id=83#primaryimage\"},\"datePublished\":\"2020-01-16T14:44:42+00:00\",\"dateModified\":\"2020-02-28T21:20:14+00:00\",\"breadcrumb\":{\"@id\":\"https:\/\/www.cetes.com.br\/?page_id=83#breadcrumb\"},\"inLanguage\":\"pt-BR\",\"potentialAction\":[{\"@type\":\"ReadAction\",\"target\":[\"https:\/\/www.cetes.com.br\/?page_id=83\"]}]},{\"@type\":\"BreadcrumbList\",\"@id\":\"https:\/\/www.cetes.com.br\/?page_id=83#breadcrumb\",\"itemListElement\":[{\"@type\":\"ListItem\",\"position\":1,\"name\":\"In\u00edcio\",\"item\":\"https:\/\/www.cetes.com.br\/\"},{\"@type\":\"ListItem\",\"position\":2,\"name\":\"L\u00ednguas\"}]}]}<\/script>\n<!-- \/ Yoast SEO plugin. -->","yoast_head_json":{"title":"L\u00ednguas - Col\u00e9gio Cet\u00e9s - Melhor Escola particular - Educa\u00e7\u00e3o Infantil, Fundamental e Ensino M\u00e9dio","robots":{"index":"index","follow":"follow","max-snippet":"max-snippet:-1","max-image-preview":"max-image-preview:large","max-video-preview":"max-video-preview:-1"},"canonical":"https:\/\/www.cetes.com.br\/?page_id=83","og_locale":"pt_BR","og_type":"article","og_title":"L\u00ednguas - Col\u00e9gio Cet\u00e9s - Melhor Escola particular - Educa\u00e7\u00e3o Infantil, Fundamental e Ensino M\u00e9dio","og_description":"A capacidade de se comunicar em uma segunda l\u00edngua, torna-se primordial para uma atua\u00e7\u00e3o mais ativa na sociedade. Com a amplia\u00e7\u00e3o das redes de comunica\u00e7\u00e3o e a globaliza\u00e7\u00e3o que unem ...","og_url":"https:\/\/www.cetes.com.br\/?page_id=83","og_site_name":"Col\u00e9gio Cet\u00e9s - Melhor Escola particular - Educa\u00e7\u00e3o Infantil, Fundamental e Ensino M\u00e9dio","article_publisher":"https:\/\/www.facebook.com\/ColegioCetes\/","article_modified_time":"2020-02-28T21:20:14+00:00","og_image":[{"url":"https:\/\/www.cetes.com.br\/wp-content\/uploads\/2020\/02\/WhatsApp-Image-2018-09-11-at-09.28.35-1.jpeg"}],"twitter_card":"summary_large_image","twitter_misc":{"Est. tempo de leitura":"1 minuto"},"schema":{"@context":"https:\/\/schema.org","@graph":[{"@type":"Organization","@id":"https:\/\/www.cetes.com.br\/#organization","name":"Col\u00e9gio Cet\u00e9s","url":"https:\/\/www.cetes.com.br\/","sameAs":["https:\/\/www.facebook.com\/ColegioCetes\/","https:\/\/www.instagram.com\/colegiocetes\/","https:\/\/www.youtube.com\/ColegioCetes"],"logo":{"@type":"ImageObject","inLanguage":"pt-BR","@id":"https:\/\/www.cetes.com.br\/#\/schema\/logo\/image\/","url":"https:\/\/www.cetes.com.br\/wp-content\/uploads\/2020\/01\/Logo-500px.png","contentUrl":"https:\/\/www.cetes.com.br\/wp-content\/uploads\/2020\/01\/Logo-500px.png","width":500,"height":205,"caption":"Col\u00e9gio Cet\u00e9s"},"image":{"@id":"https:\/\/www.cetes.com.br\/#\/schema\/logo\/image\/"}},{"@type":"WebSite","@id":"https:\/\/www.cetes.com.br\/#website","url":"https:\/\/www.cetes.com.br\/","name":"Col\u00e9gio Cet\u00e9s - Melhor Escola particular - Educa\u00e7\u00e3o Infantil, Fundamental e Ensino M\u00e9dio","description":"Melhor escola particular de Suzano - Educa\u00e7\u00e3o Infantil, Fundamental e Ensino M\u00e9dio","publisher":{"@id":"https:\/\/www.cetes.com.br\/#organization"},"potentialAction":[{"@type":"SearchAction","target":{"@type":"EntryPoint","urlTemplate":"https:\/\/www.cetes.com.br\/?s={search_term_string}"},"query-input":"required name=search_term_string"}],"inLanguage":"pt-BR"},{"@type":"ImageObject","inLanguage":"pt-BR","@id":"https:\/\/www.cetes.com.br\/?page_id=83#primaryimage","url":"https:\/\/www.cetes.com.br\/wp-content\/uploads\/2020\/02\/WhatsApp-Image-2018-09-11-at-09.28.35-1.jpeg","contentUrl":"https:\/\/www.cetes.com.br\/wp-content\/uploads\/2020\/02\/WhatsApp-Image-2018-09-11-at-09.28.35-1.jpeg","width":955,"height":849},{"@type":"WebPage","@id":"https:\/\/www.cetes.com.br\/?page_id=83#webpage","url":"https:\/\/www.cetes.com.br\/?page_id=83","name":"L\u00ednguas - Col\u00e9gio Cet\u00e9s - Melhor Escola particular - Educa\u00e7\u00e3o Infantil, Fundamental e Ensino M\u00e9dio","isPartOf":{"@id":"https:\/\/www.cetes.com.br\/#website"},"primaryImageOfPage":{"@id":"https:\/\/www.cetes.com.br\/?page_id=83#primaryimage"},"datePublished":"2020-01-16T14:44:42+00:00","dateModified":"2020-02-28T21:20:14+00:00","breadcrumb":{"@id":"https:\/\/www.cetes.com.br\/?page_id=83#breadcrumb"},"inLanguage":"pt-BR","potentialAction":[{"@type":"ReadAction","target":["https:\/\/www.cetes.com.br\/?page_id=83"]}]},{"@type":"BreadcrumbList","@id":"https:\/\/www.cetes.com.br\/?page_id=83#breadcrumb","itemListElement":[{"@type":"ListItem","position":1,"name":"In\u00edcio","item":"https:\/\/www.cetes.com.br\/"},{"@type":"ListItem","position":2,"name":"L\u00ednguas"}]}]}},"_links":{"self":[{"href":"https:\/\/www.cetes.com.br\/index.php?rest_route=\/wp\/v2\/pages\/83"}],"collection":[{"href":"https:\/\/www.cetes.com.br\/index.php?rest_route=\/wp\/v2\/pages"}],"about":[{"href":"https:\/\/www.cetes.com.br\/index.php?rest_route=\/wp\/v2\/types\/page"}],"author":[{"embeddable":true,"href":"https:\/\/www.cetes.com.br\/index.php?rest_route=\/wp\/v2\/users\/1"}],"replies":[{"embeddable":true,"href":"https:\/\/www.cetes.com.br\/index.php?rest_route=%2Fwp%2Fv2%2Fcomments&post=83"}],"version-history":[{"count":16,"href":"https:\/\/www.cetes.com.br\/index.php?rest_route=\/wp\/v2\/pages\/83\/revisions"}],"predecessor-version":[{"id":1340,"href":"https:\/\/www.cetes.com.br\/index.php?rest_route=\/wp\/v2\/pages\/83\/revisions\/1340"}],"wp:attachment":[{"href":"https:\/\/www.cetes.com.br\/index.php?rest_route=%2Fwp%2Fv2%2Fmedia&parent=83"}],"curies":[{"name":"wp","href":"https:\/\/api.w.org\/{rel}","templated":true}]}}